{"id":1178,"date":"2026-01-23T11:49:10","date_gmt":"2026-01-23T11:49:10","guid":{"rendered":"https:\/\/miguelangeljoyeros.es\/?post_type=product&#038;p=1178"},"modified":"2026-01-23T11:49:11","modified_gmt":"2026-01-23T11:49:11","slug":"reloj-jaguar-caballero","status":"publish","type":"product","link":"https:\/\/miguelangeljoyeros.es\/index.php\/producto\/reloj-jaguar-caballero\/","title":{"rendered":"RELOJ JAGUAR CABALLERO"},"content":{"rendered":"<div class=\"col-12 col-lg-7 p-0\">\n<div class=\"sticky-image\">\n<div class=\"align-items-center row no-gutters\">\n<div class=\"pr-4 col-6 pt-4 ng-star-inserted\">\n<div class=\"position-relative bg-media\"><picture class=\"ng-star-inserted\"><source tabindex=\"-1\" srcset=\"https:\/\/static6.festinagroup.com\/product\/jaguar\/case\/big\/j23.webp\" type=\"image\/webp\" \/><\/picture>\n<div class=\"col-12 col-lg-7 p-0\">\n<div class=\"sticky-image\">\n<div class=\"align-items-center row no-gutters\">\n<div class=\"pr-4 col-6 pt-4 ng-star-inserted\">\n<div class=\"position-relative bg-media\"><picture class=\"ng-star-inserted\"><source tabindex=\"-1\" srcset=\"https:\/\/static6.festinagroup.com\/product\/jaguar\/case\/big\/j23.webp\" type=\"image\/webp\" \/><\/picture><\/div>\n<\/div>\n<div class=\"pr-4 col-6 pt-4 ng-star-inserted\">\n<div class=\"position-relative bg-media\"><picture class=\"ng-star-inserted\"><source tabindex=\"-1\" srcset=\"https:\/\/static6.festinagroup.com\/product\/jaguar\/extra\/m030040_v.webp\" type=\"image\/webp\" \/><\/picture><\/div>\n<\/div>\n<\/div>\n<div class=\"mt-2\"><\/div>\n<\/div>\n<\/div>\n<div class=\"position-relative col-12 col-lg-5 text-left\">\n<div class=\"lg:fgs-top-0 lg:fgs-sticky row product-detail-info no-gutters mx-auto\">\n<h1 class=\"pb-lg-4 font-weight-normal header-2 col-12 letter-spacing-0 line-height-1-2 pb-3 pt-4 text-black\"><\/h1>\n<div class=\"justify-content-between row no-gutters\">\n<div class=\"col-12\">\n<div id=\"swiper-wrapper-92f310ec77ca6a5c6\" class=\"swiper-wrapper\" aria-live=\"polite\">\n<div class=\"swiper-slide ng-star-inserted swiper-slide-active\" role=\"group\" data-swiper-slide-index=\"0\" aria-label=\"1 \/ 4\">\n<div class=\"d-flex justify-content-center p-lg-0 my-1 cursor-pointer p-1 ng-star-inserted\" aria-selected=\"false\"><a><picture><source srcset=\"https:\/\/static6.festinagroup.com\/product\/jaguar\/watches\/thumb\/j663_1.webp\" type=\"image\/webp\" media=\"(max-width: 576px)\" \/><source srcset=\"https:\/\/static6.festinagroup.com\/product\/jaguar\/watches\/thumb\/j663_1.webp\" type=\"image\/webp\" \/><\/picture><\/a><\/div>\n<\/div>\n<div class=\"swiper-slide ng-star-inserted swiper-slide-next\" role=\"group\" data-swiper-slide-index=\"1\" aria-label=\"2 \/ 4\">\n<div class=\"d-flex justify-content-center p-lg-0 my-1 cursor-pointer p-1 ng-star-inserted\" aria-selected=\"false\"><a><picture><source srcset=\"https:\/\/static6.festinagroup.com\/product\/jaguar\/watches\/thumb\/j663_2.webp\" type=\"image\/webp\" media=\"(max-width: 576px)\" \/><source srcset=\"https:\/\/static6.festinagroup.com\/product\/jaguar\/watches\/thumb\/j663_2.webp\" type=\"image\/webp\" \/><\/picture><\/a><\/div>\n<\/div>\n<div class=\"swiper-slide ng-star-inserted\" role=\"group\" data-swiper-slide-index=\"2\" aria-label=\"3 \/ 4\">\n<div class=\"d-flex justify-content-center p-lg-0 my-1 cursor-pointer p-1 ng-star-inserted\" aria-selected=\"false\"><a><picture><source srcset=\"https:\/\/static6.festinagroup.com\/product\/jaguar\/watches\/thumb\/j663_3.webp\" type=\"image\/webp\" media=\"(max-width: 576px)\" \/><source srcset=\"https:\/\/static6.festinagroup.com\/product\/jaguar\/watches\/thumb\/j663_3.webp\" type=\"image\/webp\" \/><\/picture><\/a><\/div>\n<\/div>\n<div class=\"swiper-slide ng-star-inserted\" role=\"group\" data-swiper-slide-index=\"3\" aria-label=\"4 \/ 4\">\n<div class=\"d-flex justify-content-center p-lg-0 my-1 cursor-pointer p-1 border-selected ng-star-inserted\" aria-selected=\"true\"><picture><\/picture>\n<hr class=\"border-top col-12 mt-3\" \/>\n<div class=\"col-12 pb-2 pt-4\">\n<div class=\"fgs-flex fgs-gap-3 fgs-flex-wrap ng-star-inserted\"><img decoding=\"async\" class=\"fgs-w-16 ng-star-inserted\" src=\"https:\/\/media6.festinagroup.com\/static\/tiendas_online\/jaguar\/images\/logos\/icon-sapphire.svg\" alt=\"Zafiro\" \/><\/div>\n<\/div>\n<\/div>\n<\/div>\n<\/div>\n<\/div>\n<\/div>\n<div id=\"cdk-accordion-child-jaguar_com_serverApp0\" class=\"fgs-grid fgs-grid-rows-[0fr] fgs-transition-[grid-template-rows] fgs-duration-500 group-[.expanded]:fgs-grid-rows-[1fr]\" role=\"region\" aria-labelledby=\"header-cdk-accordion-child-jaguar_com_serverApp0\">\n<div class=\"fgs-overflow-hidden\">\n<div class=\"pb-3\">\n<div class=\"input pt-4\">\n<div class=\"paragraph-3 text-black\">Reloj suizo de hombre Jaguar, de la Colecci\u00f3n Acamar.<\/p>\n<p>El modelo J663\/4, de color Negro, con esfera Negra e \u00edndices de color Plateado, ofrece una visualizaci\u00f3n perfecta gracias a su cristal de Zafiro.<br \/>\nLa elecci\u00f3n de un cristal de zafiro garantiza una excepcional visibilidad del reloj y le confiere una enorme resistencia a las rayadas. Por sus caracter\u00edsticas, el cristal de zafiro es excepcionalmente duro. Tan solo el diamante ofrece mayor dureza que este material y es el material de elecci\u00f3n para piezas que resistan el paso del tiempo manteniendo su belleza y buena presencia. Adem\u00e1s, el cristal que equipa este reloj incluye un tratamiento antireflejos, evitando en gran medida la aparici\u00f3n de inc\u00f3modos reflejos dificultan la correcta visualizaci\u00f3n de la esfera en seg\u00fan qu\u00e9 condiciones de iluminaci\u00f3n.<\/p>\n<p>Este reloj anal\u00f3gico est\u00e1 realizado en acero inoxidable<br \/>\nEl acero inoxidable , tambi\u00e9n denominado acero quir\u00fargico es una aleaci\u00f3n de caracter\u00edsticas especiales de gran resistencia a la corrosi\u00f3n y a las rayadas. Adem\u00e1s, este material es hipoalerg\u00e9nico de grado quir\u00fargico, con lo que se evitan posibles reacciones de la piel por su uso continuado.<\/p>\n<p>El Jaguar J663\/4 es un reloj de cuarzo con un movimiento RONDA 6004D-3H1BL fabricado en Suiza, un mecanismo de calidad y precisi\u00f3n contrastadas durante a\u00f1os , e indica con una gran fiabilidad las horas, minutos y segundos.Viene equipado con una correa de cuero de color negro y con un cierre oculto, que da la sensaci\u00f3n de una correa continua, sin cierre, alrededor de tu mu\u00f1eca.<\/p>\n<p>Desde su fundaci\u00f3n en 1938, los relojes de la marca Jaguar se han mantenido fieles a los valores que impulsaron a su fundador a la aventura de lanzar una nueva marca de relojes: perseguir la m\u00e1s absoluta belleza y fuerza en cada una de las piezas que se manufacturan. Para lograrlo, en Jaguar somos fieles a la tradici\u00f3n relojera de alta precisi\u00f3n suiza, dot\u00e1ndola de las tecnolog\u00edas m\u00e1s avanzadas para garantizar a los propietarios de un reloj Jaguar la mayor fiabilidad y precisi\u00f3n.<\/p><\/div>\n<\/div>\n<\/div>\n<\/div>\n<\/div>\n<\/div>\n<\/div>\n<\/div>\n<\/div>\n<div class=\"pr-4 col-6 pt-4 ng-star-inserted\">\n<div class=\"position-relative bg-media\"><picture class=\"ng-star-inserted\"><source tabindex=\"-1\" srcset=\"https:\/\/static6.festinagroup.com\/product\/jaguar\/extra\/m030040_v.webp\" type=\"image\/webp\" \/><\/picture><\/div>\n<\/div>\n<\/div>\n<div class=\"mt-2\"><\/div>\n<\/div>\n<\/div>\n<div class=\"position-relative col-12 col-lg-5 text-left\">\n<div class=\"lg:fgs-top-0 lg:fgs-sticky row product-detail-info no-gutters mx-auto\">\n<h1 class=\"pb-lg-4 font-weight-normal header-2 col-12 letter-spacing-0 line-height-1-2 pb-3 pt-4 text-black\"><\/h1>\n<div class=\"pb-lg-4 col-12 pb-3\"><\/div>\n<div class=\"align-self-end pb-lg-4 custom-pb col-12 pb-3\"><\/div>\n<div class=\"justify-content-between row no-gutters\">\n<div class=\"col-12\">\n<div id=\"swiper-wrapper-92f310ec77ca6a5c6\" class=\"swiper-wrapper\" aria-live=\"polite\">\n<div class=\"swiper-slide ng-star-inserted swiper-slide-active\" role=\"group\" data-swiper-slide-index=\"0\" aria-label=\"1 \/ 4\">\n<div class=\"d-flex justify-content-center p-lg-0 my-1 cursor-pointer p-1 ng-star-inserted\" aria-selected=\"false\"><a><picture><source srcset=\"https:\/\/static6.festinagroup.com\/product\/jaguar\/watches\/thumb\/j663_1.webp\" type=\"image\/webp\" media=\"(max-width: 576px)\" \/><source srcset=\"https:\/\/static6.festinagroup.com\/product\/jaguar\/watches\/thumb\/j663_1.webp\" type=\"image\/webp\" \/><\/picture><\/a><\/div>\n<\/div>\n<div class=\"swiper-slide ng-star-inserted swiper-slide-next\" role=\"group\" data-swiper-slide-index=\"1\" aria-label=\"2 \/ 4\">\n<div class=\"d-flex justify-content-center p-lg-0 my-1 cursor-pointer p-1 ng-star-inserted\" aria-selected=\"false\"><a><picture><source srcset=\"https:\/\/static6.festinagroup.com\/product\/jaguar\/watches\/thumb\/j663_2.webp\" type=\"image\/webp\" media=\"(max-width: 576px)\" \/><source srcset=\"https:\/\/static6.festinagroup.com\/product\/jaguar\/watches\/thumb\/j663_2.webp\" type=\"image\/webp\" \/><\/picture><\/a><\/div>\n<\/div>\n<div class=\"swiper-slide ng-star-inserted\" role=\"group\" data-swiper-slide-index=\"2\" aria-label=\"3 \/ 4\">\n<div class=\"d-flex justify-content-center p-lg-0 my-1 cursor-pointer p-1 ng-star-inserted\" aria-selected=\"false\"><a><picture><source srcset=\"https:\/\/static6.festinagroup.com\/product\/jaguar\/watches\/thumb\/j663_3.webp\" type=\"image\/webp\" media=\"(max-width: 576px)\" \/><source srcset=\"https:\/\/static6.festinagroup.com\/product\/jaguar\/watches\/thumb\/j663_3.webp\" type=\"image\/webp\" \/><\/picture><\/a><\/div>\n<\/div>\n<div class=\"swiper-slide ng-star-inserted\" role=\"group\" data-swiper-slide-index=\"3\" aria-label=\"4 \/ 4\">\n<div class=\"d-flex justify-content-center p-lg-0 my-1 cursor-pointer p-1 border-selected ng-star-inserted\" aria-selected=\"true\"><a><picture><source srcset=\"https:\/\/static6.festinagroup.com\/product\/jaguar\/watches\/thumb\/j663_4.webp\" type=\"image\/webp\" media=\"(max-width: 576px)\" \/><source srcset=\"https:\/\/static6.festinagroup.com\/product\/jaguar\/watches\/thumb\/j663_4.webp\" type=\"image\/webp\" \/><\/picture><\/a><\/div>\n<\/div>\n<\/div>\n<\/div>\n<\/div>\n<div class=\"pb-lg-4 col-12 pb-3\">\n<div class=\"col-12 ng-star-inserted\"><\/div>\n<\/div>\n<div class=\"pb-lg-4 col-12 pb-3 ng-star-inserted\"><\/div>\n<div class=\"row no-gutters col-12\">\n<hr class=\"border-top col-12 mt-3\" \/>\n<div class=\"col-12 pb-2 pt-4\">\n<div class=\"fgs-flex fgs-gap-3 fgs-flex-wrap ng-star-inserted\"><\/div>\n<\/div>\n<\/div>\n<div id=\"cdk-accordion-child-jaguar_com_serverApp0\" class=\"fgs-grid fgs-grid-rows-[0fr] fgs-transition-[grid-template-rows] fgs-duration-500 group-[.expanded]:fgs-grid-rows-[1fr]\" role=\"region\" aria-labelledby=\"header-cdk-accordion-child-jaguar_com_serverApp0\">\n<div class=\"fgs-overflow-hidden\">\n<div class=\"pb-3\">\n<div class=\"input pt-4\">\n<div class=\"paragraph-3 text-black\">.<\/p>\n<\/div>\n<\/div>\n<\/div>\n<\/div>\n<\/div>\n<\/div>\n<\/div>\n","protected":false},"excerpt":{"rendered":"<p>Reloj suizo de hombre Jaguar, de la Colecci\u00f3n Acamar. El modelo J663\/4, de color Negro, con esfera Negra e \u00edndices de color Plateado, ofrece una visualizaci\u00f3n perfecta gracias a su cristal de Zafiro. La elecci\u00f3n de un cristal de zafiro garantiza una excepcional visibilidad del reloj y le confiere una enorme resistencia a las rayadas. Por sus caracter\u00edsticas, el cristal de zafiro es excepcionalmente duro. Tan solo el diamante ofrece mayor dureza que este material y es el material de elecci\u00f3n para piezas que resistan el paso del tiempo manteniendo su belleza y buena presencia. Adem\u00e1s, el cristal que equipa<\/p>\n","protected":false},"featured_media":1175,"template":"","meta":[],"product_cat":[134,135],"product_tag":[],"class_list":{"0":"post-1178","1":"product","2":"type-product","3":"status-publish","4":"has-post-thumbnail","6":"product_cat-jaguar","7":"product_cat-reloj-caballero-jaguar","9":"first","10":"instock","11":"shipping-taxable","12":"product-type-simple"},"yoast_head":"<!-- This site is optimized with the Yoast SEO plugin v23.7 - https:\/\/yoast.com\/wordpress\/plugins\/seo\/ -->\n<title>RELOJ JAGUAR CABALLERO - Miguel Angel Joyeros<\/title>\n<meta name=\"robots\" content=\"index, follow, max-snippet:-1, max-image-preview:large, max-video-preview:-1\" \/>\n<link rel=\"canonical\" href=\"https:\/\/miguelangeljoyeros.es\/index.php\/producto\/reloj-jaguar-caballero\/\" \/>\n<meta property=\"og:locale\" content=\"es_ES\" \/>\n<meta property=\"og:type\" content=\"article\" \/>\n<meta property=\"og:title\" content=\"RELOJ JAGUAR CABALLERO - Miguel Angel Joyeros\" \/>\n<meta property=\"og:description\" content=\"Reloj suizo de hombre Jaguar, de la Colecci\u00f3n Acamar. El modelo J663\/4, de color Negro, con esfera Negra e \u00edndices de color Plateado, ofrece una visualizaci\u00f3n perfecta gracias a su cristal de Zafiro. La elecci\u00f3n de un cristal de zafiro garantiza una excepcional visibilidad del reloj y le confiere una enorme resistencia a las rayadas. Por sus caracter\u00edsticas, el cristal de zafiro es excepcionalmente duro. Tan solo el diamante ofrece mayor dureza que este material y es el material de elecci\u00f3n para piezas que resistan el paso del tiempo manteniendo su belleza y buena presencia. Adem\u00e1s, el cristal que equipa\" \/>\n<meta property=\"og:url\" content=\"https:\/\/miguelangeljoyeros.es\/index.php\/producto\/reloj-jaguar-caballero\/\" \/>\n<meta property=\"og:site_name\" content=\"Miguel Angel Joyeros\" \/>\n<meta property=\"article:publisher\" content=\"https:\/\/www.facebook.com\/joyeria.miguelangel.31\/\" \/>\n<meta property=\"article:modified_time\" content=\"2026-01-23T11:49:11+00:00\" \/>\n<meta property=\"og:image\" content=\"https:\/\/miguelangeljoyeros.es\/wp-content\/uploads\/2026\/01\/www-8430622549236-00-1.webp\" \/>\n\t<meta property=\"og:image:width\" content=\"967\" \/>\n\t<meta property=\"og:image:height\" content=\"1200\" \/>\n\t<meta property=\"og:image:type\" content=\"image\/webp\" \/>\n<meta name=\"twitter:card\" content=\"summary_large_image\" \/>\n<meta name=\"twitter:label1\" content=\"Tiempo de lectura\" \/>\n\t<meta name=\"twitter:data1\" content=\"2 minutos\" \/>\n<script type=\"application\/ld+json\" class=\"yoast-schema-graph\">{\"@context\":\"https:\/\/schema.org\",\"@graph\":[{\"@type\":\"WebPage\",\"@id\":\"https:\/\/miguelangeljoyeros.es\/index.php\/producto\/reloj-jaguar-caballero\/\",\"url\":\"https:\/\/miguelangeljoyeros.es\/index.php\/producto\/reloj-jaguar-caballero\/\",\"name\":\"RELOJ JAGUAR CABALLERO - Miguel Angel Joyeros\",\"isPartOf\":{\"@id\":\"https:\/\/miguelangeljoyeros.es\/#website\"},\"primaryImageOfPage\":{\"@id\":\"https:\/\/miguelangeljoyeros.es\/index.php\/producto\/reloj-jaguar-caballero\/#primaryimage\"},\"image\":{\"@id\":\"https:\/\/miguelangeljoyeros.es\/index.php\/producto\/reloj-jaguar-caballero\/#primaryimage\"},\"thumbnailUrl\":\"https:\/\/miguelangeljoyeros.es\/wp-content\/uploads\/2026\/01\/www-8430622549236-00-1.webp\",\"datePublished\":\"2026-01-23T11:49:10+00:00\",\"dateModified\":\"2026-01-23T11:49:11+00:00\",\"breadcrumb\":{\"@id\":\"https:\/\/miguelangeljoyeros.es\/index.php\/producto\/reloj-jaguar-caballero\/#breadcrumb\"},\"inLanguage\":\"es\",\"potentialAction\":[{\"@type\":\"ReadAction\",\"target\":[\"https:\/\/miguelangeljoyeros.es\/index.php\/producto\/reloj-jaguar-caballero\/\"]}]},{\"@type\":\"ImageObject\",\"inLanguage\":\"es\",\"@id\":\"https:\/\/miguelangeljoyeros.es\/index.php\/producto\/reloj-jaguar-caballero\/#primaryimage\",\"url\":\"https:\/\/miguelangeljoyeros.es\/wp-content\/uploads\/2026\/01\/www-8430622549236-00-1.webp\",\"contentUrl\":\"https:\/\/miguelangeljoyeros.es\/wp-content\/uploads\/2026\/01\/www-8430622549236-00-1.webp\",\"width\":967,\"height\":1200},{\"@type\":\"BreadcrumbList\",\"@id\":\"https:\/\/miguelangeljoyeros.es\/index.php\/producto\/reloj-jaguar-caballero\/#breadcrumb\",\"itemListElement\":[{\"@type\":\"ListItem\",\"position\":1,\"name\":\"Portada\",\"item\":\"https:\/\/miguelangeljoyeros.es\/\"},{\"@type\":\"ListItem\",\"position\":2,\"name\":\"Tienda\",\"item\":\"https:\/\/miguelangeljoyeros.es\/index.php\/tienda\/\"},{\"@type\":\"ListItem\",\"position\":3,\"name\":\"RELOJ JAGUAR CABALLERO\"}]},{\"@type\":\"WebSite\",\"@id\":\"https:\/\/miguelangeljoyeros.es\/#website\",\"url\":\"https:\/\/miguelangeljoyeros.es\/\",\"name\":\"Miguel \u00c1ngel Joyeros\",\"description\":\"Venta y reparaci\u00f3n de joyer\u00eda y relojer\u00eda de alta calidad\",\"publisher\":{\"@id\":\"https:\/\/miguelangeljoyeros.es\/#organization\"},\"alternateName\":\"Miguel \u00c1ngel Joyeros\",\"potentialAction\":[{\"@type\":\"SearchAction\",\"target\":{\"@type\":\"EntryPoint\",\"urlTemplate\":\"https:\/\/miguelangeljoyeros.es\/?s={search_term_string}\"},\"query-input\":{\"@type\":\"PropertyValueSpecification\",\"valueRequired\":true,\"valueName\":\"search_term_string\"}}],\"inLanguage\":\"es\"},{\"@type\":\"Organization\",\"@id\":\"https:\/\/miguelangeljoyeros.es\/#organization\",\"name\":\"Miguel \u00c1ngel Joyeros\",\"url\":\"https:\/\/miguelangeljoyeros.es\/\",\"logo\":{\"@type\":\"ImageObject\",\"inLanguage\":\"es\",\"@id\":\"https:\/\/miguelangeljoyeros.es\/#\/schema\/logo\/image\/\",\"url\":\"https:\/\/miguelangeljoyeros.es\/wp-content\/uploads\/2023\/08\/logo3.png\",\"contentUrl\":\"https:\/\/miguelangeljoyeros.es\/wp-content\/uploads\/2023\/08\/logo3.png\",\"width\":467,\"height\":187,\"caption\":\"Miguel \u00c1ngel Joyeros\"},\"image\":{\"@id\":\"https:\/\/miguelangeljoyeros.es\/#\/schema\/logo\/image\/\"},\"sameAs\":[\"https:\/\/www.facebook.com\/joyeria.miguelangel.31\/\"]}]}<\/script>\n<!-- \/ Yoast SEO plugin. -->","yoast_head_json":{"title":"RELOJ JAGUAR CABALLERO - Miguel Angel Joyeros","robots":{"index":"index","follow":"follow","max-snippet":"max-snippet:-1","max-image-preview":"max-image-preview:large","max-video-preview":"max-video-preview:-1"},"canonical":"https:\/\/miguelangeljoyeros.es\/index.php\/producto\/reloj-jaguar-caballero\/","og_locale":"es_ES","og_type":"article","og_title":"RELOJ JAGUAR CABALLERO - Miguel Angel Joyeros","og_description":"Reloj suizo de hombre Jaguar, de la Colecci\u00f3n Acamar. El modelo J663\/4, de color Negro, con esfera Negra e \u00edndices de color Plateado, ofrece una visualizaci\u00f3n perfecta gracias a su cristal de Zafiro. La elecci\u00f3n de un cristal de zafiro garantiza una excepcional visibilidad del reloj y le confiere una enorme resistencia a las rayadas. Por sus caracter\u00edsticas, el cristal de zafiro es excepcionalmente duro. Tan solo el diamante ofrece mayor dureza que este material y es el material de elecci\u00f3n para piezas que resistan el paso del tiempo manteniendo su belleza y buena presencia. Adem\u00e1s, el cristal que equipa","og_url":"https:\/\/miguelangeljoyeros.es\/index.php\/producto\/reloj-jaguar-caballero\/","og_site_name":"Miguel Angel Joyeros","article_publisher":"https:\/\/www.facebook.com\/joyeria.miguelangel.31\/","article_modified_time":"2026-01-23T11:49:11+00:00","og_image":[{"width":967,"height":1200,"url":"https:\/\/miguelangeljoyeros.es\/wp-content\/uploads\/2026\/01\/www-8430622549236-00-1.webp","type":"image\/webp"}],"twitter_card":"summary_large_image","twitter_misc":{"Tiempo de lectura":"2 minutos"},"schema":{"@context":"https:\/\/schema.org","@graph":[{"@type":"WebPage","@id":"https:\/\/miguelangeljoyeros.es\/index.php\/producto\/reloj-jaguar-caballero\/","url":"https:\/\/miguelangeljoyeros.es\/index.php\/producto\/reloj-jaguar-caballero\/","name":"RELOJ JAGUAR CABALLERO - Miguel Angel Joyeros","isPartOf":{"@id":"https:\/\/miguelangeljoyeros.es\/#website"},"primaryImageOfPage":{"@id":"https:\/\/miguelangeljoyeros.es\/index.php\/producto\/reloj-jaguar-caballero\/#primaryimage"},"image":{"@id":"https:\/\/miguelangeljoyeros.es\/index.php\/producto\/reloj-jaguar-caballero\/#primaryimage"},"thumbnailUrl":"https:\/\/miguelangeljoyeros.es\/wp-content\/uploads\/2026\/01\/www-8430622549236-00-1.webp","datePublished":"2026-01-23T11:49:10+00:00","dateModified":"2026-01-23T11:49:11+00:00","breadcrumb":{"@id":"https:\/\/miguelangeljoyeros.es\/index.php\/producto\/reloj-jaguar-caballero\/#breadcrumb"},"inLanguage":"es","potentialAction":[{"@type":"ReadAction","target":["https:\/\/miguelangeljoyeros.es\/index.php\/producto\/reloj-jaguar-caballero\/"]}]},{"@type":"ImageObject","inLanguage":"es","@id":"https:\/\/miguelangeljoyeros.es\/index.php\/producto\/reloj-jaguar-caballero\/#primaryimage","url":"https:\/\/miguelangeljoyeros.es\/wp-content\/uploads\/2026\/01\/www-8430622549236-00-1.webp","contentUrl":"https:\/\/miguelangeljoyeros.es\/wp-content\/uploads\/2026\/01\/www-8430622549236-00-1.webp","width":967,"height":1200},{"@type":"BreadcrumbList","@id":"https:\/\/miguelangeljoyeros.es\/index.php\/producto\/reloj-jaguar-caballero\/#breadcrumb","itemListElement":[{"@type":"ListItem","position":1,"name":"Portada","item":"https:\/\/miguelangeljoyeros.es\/"},{"@type":"ListItem","position":2,"name":"Tienda","item":"https:\/\/miguelangeljoyeros.es\/index.php\/tienda\/"},{"@type":"ListItem","position":3,"name":"RELOJ JAGUAR CABALLERO"}]},{"@type":"WebSite","@id":"https:\/\/miguelangeljoyeros.es\/#website","url":"https:\/\/miguelangeljoyeros.es\/","name":"Miguel \u00c1ngel Joyeros","description":"Venta y reparaci\u00f3n de joyer\u00eda y relojer\u00eda de alta calidad","publisher":{"@id":"https:\/\/miguelangeljoyeros.es\/#organization"},"alternateName":"Miguel \u00c1ngel Joyeros","potentialAction":[{"@type":"SearchAction","target":{"@type":"EntryPoint","urlTemplate":"https:\/\/miguelangeljoyeros.es\/?s={search_term_string}"},"query-input":{"@type":"PropertyValueSpecification","valueRequired":true,"valueName":"search_term_string"}}],"inLanguage":"es"},{"@type":"Organization","@id":"https:\/\/miguelangeljoyeros.es\/#organization","name":"Miguel \u00c1ngel Joyeros","url":"https:\/\/miguelangeljoyeros.es\/","logo":{"@type":"ImageObject","inLanguage":"es","@id":"https:\/\/miguelangeljoyeros.es\/#\/schema\/logo\/image\/","url":"https:\/\/miguelangeljoyeros.es\/wp-content\/uploads\/2023\/08\/logo3.png","contentUrl":"https:\/\/miguelangeljoyeros.es\/wp-content\/uploads\/2023\/08\/logo3.png","width":467,"height":187,"caption":"Miguel \u00c1ngel Joyeros"},"image":{"@id":"https:\/\/miguelangeljoyeros.es\/#\/schema\/logo\/image\/"},"sameAs":["https:\/\/www.facebook.com\/joyeria.miguelangel.31\/"]}]}},"_links":{"self":[{"href":"https:\/\/miguelangeljoyeros.es\/index.php\/wp-json\/wp\/v2\/product\/1178"}],"collection":[{"href":"https:\/\/miguelangeljoyeros.es\/index.php\/wp-json\/wp\/v2\/product"}],"about":[{"href":"https:\/\/miguelangeljoyeros.es\/index.php\/wp-json\/wp\/v2\/types\/product"}],"wp:featuredmedia":[{"embeddable":true,"href":"https:\/\/miguelangeljoyeros.es\/index.php\/wp-json\/wp\/v2\/media\/1175"}],"wp:attachment":[{"href":"https:\/\/miguelangeljoyeros.es\/index.php\/wp-json\/wp\/v2\/media?parent=1178"}],"wp:term":[{"taxonomy":"product_cat","embeddable":true,"href":"https:\/\/miguelangeljoyeros.es\/index.php\/wp-json\/wp\/v2\/product_cat?post=1178"},{"taxonomy":"product_tag","embeddable":true,"href":"https:\/\/miguelangeljoyeros.es\/index.php\/wp-json\/wp\/v2\/product_tag?post=1178"}],"curies":[{"name":"wp","href":"https:\/\/api.w.org\/{rel}","templated":true}]}}