{"id":206,"date":"2024-11-06T10:00:06","date_gmt":"2024-11-06T10:00:06","guid":{"rendered":"https:\/\/miguelangeljoyeros.es\/?post_type=product&#038;p=206"},"modified":"2024-11-06T10:05:28","modified_gmt":"2024-11-06T10:05:28","slug":"reloj-suizo-de-hombre-jaguar-special-edition-negro-j691-1","status":"publish","type":"product","link":"https:\/\/miguelangeljoyeros.es\/index.php\/producto\/reloj-suizo-de-hombre-jaguar-special-edition-negro-j691-1\/","title":{"rendered":"RELOJ SUIZO DE HOMBRE JAGUAR SPECIAL EDITION NEGRO J691\/1"},"content":{"rendered":"<p>Reloj Jaguar Hombre J691\/1 Sport Negro Special Edition. Caja de acero inoxidable 316I rosado de 45mm de diametro, 14,85mm de grosor. Bisel de acero inoxidable 316I negro. Correa de silicona de color negro de 22mm de ancho. Cierre de doble pulsador. Esfera negra. Multifunci\u00f3n, cron\u00f3grafo, calendario. Swiss made. Cristal zafiro. Movimiento quartz. Sumergible 100m. Adem\u00e1s se incluye correa y destornillador para cambiarla cuando se crea conveniente.<\/p>\n","protected":false},"excerpt":{"rendered":"<p>Reloj Jaguar Hombre J691\/1 Sport Negro Special Edition. Caja de acero inoxidable 316I rosado de 45mm de diametro, 14,85mm de grosor. Bisel de acero inoxidable 316I negro. Correa de silicona de color negro de 22mm de ancho. Cierre de doble pulsador. Esfera negra. Multifunci\u00f3n, cron\u00f3grafo, calendario. Swiss made. Cristal zafiro. Movimiento quartz. Sumergible 100m. Adem\u00e1s se incluye correa y destornillador para cambiarla cuando se crea conveniente.<\/p>\n","protected":false},"featured_media":207,"template":"","meta":[],"product_cat":[30,31],"product_tag":[],"class_list":{"0":"post-206","1":"product","2":"type-product","3":"status-publish","4":"has-post-thumbnail","6":"product_cat-relojes","7":"product_cat-relojes-caballero","9":"first","10":"instock","11":"shipping-taxable","12":"product-type-simple"},"yoast_head":"<!-- This site is optimized with the Yoast SEO plugin v23.7 - https:\/\/yoast.com\/wordpress\/plugins\/seo\/ -->\n<title>RELOJ SUIZO DE HOMBRE JAGUAR SPECIAL EDITION NEGRO J691\/1 - Miguel Angel Joyeros<\/title>\n<meta name=\"robots\" content=\"index, follow, max-snippet:-1, max-image-preview:large, max-video-preview:-1\" \/>\n<link rel=\"canonical\" href=\"https:\/\/miguelangeljoyeros.es\/index.php\/producto\/reloj-suizo-de-hombre-jaguar-special-edition-negro-j691-1\/\" \/>\n<meta property=\"og:locale\" content=\"es_ES\" \/>\n<meta property=\"og:type\" content=\"article\" \/>\n<meta property=\"og:title\" content=\"RELOJ SUIZO DE HOMBRE JAGUAR SPECIAL EDITION NEGRO J691\/1 - Miguel Angel Joyeros\" \/>\n<meta property=\"og:description\" content=\"Reloj Jaguar Hombre J691\/1 Sport Negro Special Edition. Caja de acero inoxidable 316I rosado de 45mm de diametro, 14,85mm de grosor. Bisel de acero inoxidable 316I negro. Correa de silicona de color negro de 22mm de ancho. Cierre de doble pulsador. Esfera negra. Multifunci\u00f3n, cron\u00f3grafo, calendario. Swiss made. Cristal zafiro. Movimiento quartz. Sumergible 100m. Adem\u00e1s se incluye correa y destornillador para cambiarla cuando se crea conveniente.\" \/>\n<meta property=\"og:url\" content=\"https:\/\/miguelangeljoyeros.es\/index.php\/producto\/reloj-suizo-de-hombre-jaguar-special-edition-negro-j691-1\/\" \/>\n<meta property=\"og:site_name\" content=\"Miguel Angel Joyeros\" \/>\n<meta property=\"article:publisher\" content=\"https:\/\/www.facebook.com\/joyeria.miguelangel.31\/\" \/>\n<meta property=\"article:modified_time\" content=\"2024-11-06T10:05:28+00:00\" \/>\n<meta property=\"og:image\" content=\"https:\/\/miguelangeljoyeros.es\/wp-content\/uploads\/2024\/11\/2117e4cc-b764-4dc5-94bb-68ca7bfd31d3-3.jpg\" \/>\n\t<meta property=\"og:image:width\" content=\"588\" \/>\n\t<meta property=\"og:image:height\" content=\"910\" \/>\n\t<meta property=\"og:image:type\" content=\"image\/jpeg\" \/>\n<meta name=\"twitter:card\" content=\"summary_large_image\" \/>\n<meta name=\"twitter:label1\" content=\"Tiempo de lectura\" \/>\n\t<meta name=\"twitter:data1\" content=\"1 minuto\" \/>\n<script type=\"application\/ld+json\" class=\"yoast-schema-graph\">{\"@context\":\"https:\/\/schema.org\",\"@graph\":[{\"@type\":\"WebPage\",\"@id\":\"https:\/\/miguelangeljoyeros.es\/index.php\/producto\/reloj-suizo-de-hombre-jaguar-special-edition-negro-j691-1\/\",\"url\":\"https:\/\/miguelangeljoyeros.es\/index.php\/producto\/reloj-suizo-de-hombre-jaguar-special-edition-negro-j691-1\/\",\"name\":\"RELOJ SUIZO DE HOMBRE JAGUAR SPECIAL EDITION NEGRO J691\/1 - Miguel Angel Joyeros\",\"isPartOf\":{\"@id\":\"https:\/\/miguelangeljoyeros.es\/#website\"},\"primaryImageOfPage\":{\"@id\":\"https:\/\/miguelangeljoyeros.es\/index.php\/producto\/reloj-suizo-de-hombre-jaguar-special-edition-negro-j691-1\/#primaryimage\"},\"image\":{\"@id\":\"https:\/\/miguelangeljoyeros.es\/index.php\/producto\/reloj-suizo-de-hombre-jaguar-special-edition-negro-j691-1\/#primaryimage\"},\"thumbnailUrl\":\"https:\/\/miguelangeljoyeros.es\/wp-content\/uploads\/2024\/11\/2117e4cc-b764-4dc5-94bb-68ca7bfd31d3-3.jpg\",\"datePublished\":\"2024-11-06T10:00:06+00:00\",\"dateModified\":\"2024-11-06T10:05:28+00:00\",\"breadcrumb\":{\"@id\":\"https:\/\/miguelangeljoyeros.es\/index.php\/producto\/reloj-suizo-de-hombre-jaguar-special-edition-negro-j691-1\/#breadcrumb\"},\"inLanguage\":\"es\",\"potentialAction\":[{\"@type\":\"ReadAction\",\"target\":[\"https:\/\/miguelangeljoyeros.es\/index.php\/producto\/reloj-suizo-de-hombre-jaguar-special-edition-negro-j691-1\/\"]}]},{\"@type\":\"ImageObject\",\"inLanguage\":\"es\",\"@id\":\"https:\/\/miguelangeljoyeros.es\/index.php\/producto\/reloj-suizo-de-hombre-jaguar-special-edition-negro-j691-1\/#primaryimage\",\"url\":\"https:\/\/miguelangeljoyeros.es\/wp-content\/uploads\/2024\/11\/2117e4cc-b764-4dc5-94bb-68ca7bfd31d3-3.jpg\",\"contentUrl\":\"https:\/\/miguelangeljoyeros.es\/wp-content\/uploads\/2024\/11\/2117e4cc-b764-4dc5-94bb-68ca7bfd31d3-3.jpg\",\"width\":588,\"height\":910},{\"@type\":\"BreadcrumbList\",\"@id\":\"https:\/\/miguelangeljoyeros.es\/index.php\/producto\/reloj-suizo-de-hombre-jaguar-special-edition-negro-j691-1\/#breadcrumb\",\"itemListElement\":[{\"@type\":\"ListItem\",\"position\":1,\"name\":\"Portada\",\"item\":\"https:\/\/miguelangeljoyeros.es\/\"},{\"@type\":\"ListItem\",\"position\":2,\"name\":\"Tienda\",\"item\":\"https:\/\/miguelangeljoyeros.es\/index.php\/tienda\/\"},{\"@type\":\"ListItem\",\"position\":3,\"name\":\"RELOJ SUIZO DE HOMBRE JAGUAR SPECIAL EDITION NEGRO J691\/1\"}]},{\"@type\":\"WebSite\",\"@id\":\"https:\/\/miguelangeljoyeros.es\/#website\",\"url\":\"https:\/\/miguelangeljoyeros.es\/\",\"name\":\"Miguel \u00c1ngel Joyeros\",\"description\":\"Venta y reparaci\u00f3n de joyer\u00eda y relojer\u00eda de alta calidad\",\"publisher\":{\"@id\":\"https:\/\/miguelangeljoyeros.es\/#organization\"},\"alternateName\":\"Miguel \u00c1ngel Joyeros\",\"potentialAction\":[{\"@type\":\"SearchAction\",\"target\":{\"@type\":\"EntryPoint\",\"urlTemplate\":\"https:\/\/miguelangeljoyeros.es\/?s={search_term_string}\"},\"query-input\":{\"@type\":\"PropertyValueSpecification\",\"valueRequired\":true,\"valueName\":\"search_term_string\"}}],\"inLanguage\":\"es\"},{\"@type\":\"Organization\",\"@id\":\"https:\/\/miguelangeljoyeros.es\/#organization\",\"name\":\"Miguel \u00c1ngel Joyeros\",\"url\":\"https:\/\/miguelangeljoyeros.es\/\",\"logo\":{\"@type\":\"ImageObject\",\"inLanguage\":\"es\",\"@id\":\"https:\/\/miguelangeljoyeros.es\/#\/schema\/logo\/image\/\",\"url\":\"https:\/\/miguelangeljoyeros.es\/wp-content\/uploads\/2023\/08\/logo3.png\",\"contentUrl\":\"https:\/\/miguelangeljoyeros.es\/wp-content\/uploads\/2023\/08\/logo3.png\",\"width\":467,\"height\":187,\"caption\":\"Miguel \u00c1ngel Joyeros\"},\"image\":{\"@id\":\"https:\/\/miguelangeljoyeros.es\/#\/schema\/logo\/image\/\"},\"sameAs\":[\"https:\/\/www.facebook.com\/joyeria.miguelangel.31\/\"]}]}<\/script>\n<!-- \/ Yoast SEO plugin. -->","yoast_head_json":{"title":"RELOJ SUIZO DE HOMBRE JAGUAR SPECIAL EDITION NEGRO J691\/1 - Miguel Angel Joyeros","robots":{"index":"index","follow":"follow","max-snippet":"max-snippet:-1","max-image-preview":"max-image-preview:large","max-video-preview":"max-video-preview:-1"},"canonical":"https:\/\/miguelangeljoyeros.es\/index.php\/producto\/reloj-suizo-de-hombre-jaguar-special-edition-negro-j691-1\/","og_locale":"es_ES","og_type":"article","og_title":"RELOJ SUIZO DE HOMBRE JAGUAR SPECIAL EDITION NEGRO J691\/1 - Miguel Angel Joyeros","og_description":"Reloj Jaguar Hombre J691\/1 Sport Negro Special Edition. Caja de acero inoxidable 316I rosado de 45mm de diametro, 14,85mm de grosor. Bisel de acero inoxidable 316I negro. Correa de silicona de color negro de 22mm de ancho. Cierre de doble pulsador. Esfera negra. Multifunci\u00f3n, cron\u00f3grafo, calendario. Swiss made. Cristal zafiro. Movimiento quartz. Sumergible 100m. Adem\u00e1s se incluye correa y destornillador para cambiarla cuando se crea conveniente.","og_url":"https:\/\/miguelangeljoyeros.es\/index.php\/producto\/reloj-suizo-de-hombre-jaguar-special-edition-negro-j691-1\/","og_site_name":"Miguel Angel Joyeros","article_publisher":"https:\/\/www.facebook.com\/joyeria.miguelangel.31\/","article_modified_time":"2024-11-06T10:05:28+00:00","og_image":[{"width":588,"height":910,"url":"https:\/\/miguelangeljoyeros.es\/wp-content\/uploads\/2024\/11\/2117e4cc-b764-4dc5-94bb-68ca7bfd31d3-3.jpg","type":"image\/jpeg"}],"twitter_card":"summary_large_image","twitter_misc":{"Tiempo de lectura":"1 minuto"},"schema":{"@context":"https:\/\/schema.org","@graph":[{"@type":"WebPage","@id":"https:\/\/miguelangeljoyeros.es\/index.php\/producto\/reloj-suizo-de-hombre-jaguar-special-edition-negro-j691-1\/","url":"https:\/\/miguelangeljoyeros.es\/index.php\/producto\/reloj-suizo-de-hombre-jaguar-special-edition-negro-j691-1\/","name":"RELOJ SUIZO DE HOMBRE JAGUAR SPECIAL EDITION NEGRO J691\/1 - Miguel Angel Joyeros","isPartOf":{"@id":"https:\/\/miguelangeljoyeros.es\/#website"},"primaryImageOfPage":{"@id":"https:\/\/miguelangeljoyeros.es\/index.php\/producto\/reloj-suizo-de-hombre-jaguar-special-edition-negro-j691-1\/#primaryimage"},"image":{"@id":"https:\/\/miguelangeljoyeros.es\/index.php\/producto\/reloj-suizo-de-hombre-jaguar-special-edition-negro-j691-1\/#primaryimage"},"thumbnailUrl":"https:\/\/miguelangeljoyeros.es\/wp-content\/uploads\/2024\/11\/2117e4cc-b764-4dc5-94bb-68ca7bfd31d3-3.jpg","datePublished":"2024-11-06T10:00:06+00:00","dateModified":"2024-11-06T10:05:28+00:00","breadcrumb":{"@id":"https:\/\/miguelangeljoyeros.es\/index.php\/producto\/reloj-suizo-de-hombre-jaguar-special-edition-negro-j691-1\/#breadcrumb"},"inLanguage":"es","potentialAction":[{"@type":"ReadAction","target":["https:\/\/miguelangeljoyeros.es\/index.php\/producto\/reloj-suizo-de-hombre-jaguar-special-edition-negro-j691-1\/"]}]},{"@type":"ImageObject","inLanguage":"es","@id":"https:\/\/miguelangeljoyeros.es\/index.php\/producto\/reloj-suizo-de-hombre-jaguar-special-edition-negro-j691-1\/#primaryimage","url":"https:\/\/miguelangeljoyeros.es\/wp-content\/uploads\/2024\/11\/2117e4cc-b764-4dc5-94bb-68ca7bfd31d3-3.jpg","contentUrl":"https:\/\/miguelangeljoyeros.es\/wp-content\/uploads\/2024\/11\/2117e4cc-b764-4dc5-94bb-68ca7bfd31d3-3.jpg","width":588,"height":910},{"@type":"BreadcrumbList","@id":"https:\/\/miguelangeljoyeros.es\/index.php\/producto\/reloj-suizo-de-hombre-jaguar-special-edition-negro-j691-1\/#breadcrumb","itemListElement":[{"@type":"ListItem","position":1,"name":"Portada","item":"https:\/\/miguelangeljoyeros.es\/"},{"@type":"ListItem","position":2,"name":"Tienda","item":"https:\/\/miguelangeljoyeros.es\/index.php\/tienda\/"},{"@type":"ListItem","position":3,"name":"RELOJ SUIZO DE HOMBRE JAGUAR SPECIAL EDITION NEGRO J691\/1"}]},{"@type":"WebSite","@id":"https:\/\/miguelangeljoyeros.es\/#website","url":"https:\/\/miguelangeljoyeros.es\/","name":"Miguel \u00c1ngel Joyeros","description":"Venta y reparaci\u00f3n de joyer\u00eda y relojer\u00eda de alta calidad","publisher":{"@id":"https:\/\/miguelangeljoyeros.es\/#organization"},"alternateName":"Miguel \u00c1ngel Joyeros","potentialAction":[{"@type":"SearchAction","target":{"@type":"EntryPoint","urlTemplate":"https:\/\/miguelangeljoyeros.es\/?s={search_term_string}"},"query-input":{"@type":"PropertyValueSpecification","valueRequired":true,"valueName":"search_term_string"}}],"inLanguage":"es"},{"@type":"Organization","@id":"https:\/\/miguelangeljoyeros.es\/#organization","name":"Miguel \u00c1ngel Joyeros","url":"https:\/\/miguelangeljoyeros.es\/","logo":{"@type":"ImageObject","inLanguage":"es","@id":"https:\/\/miguelangeljoyeros.es\/#\/schema\/logo\/image\/","url":"https:\/\/miguelangeljoyeros.es\/wp-content\/uploads\/2023\/08\/logo3.png","contentUrl":"https:\/\/miguelangeljoyeros.es\/wp-content\/uploads\/2023\/08\/logo3.png","width":467,"height":187,"caption":"Miguel \u00c1ngel Joyeros"},"image":{"@id":"https:\/\/miguelangeljoyeros.es\/#\/schema\/logo\/image\/"},"sameAs":["https:\/\/www.facebook.com\/joyeria.miguelangel.31\/"]}]}},"_links":{"self":[{"href":"https:\/\/miguelangeljoyeros.es\/index.php\/wp-json\/wp\/v2\/product\/206"}],"collection":[{"href":"https:\/\/miguelangeljoyeros.es\/index.php\/wp-json\/wp\/v2\/product"}],"about":[{"href":"https:\/\/miguelangeljoyeros.es\/index.php\/wp-json\/wp\/v2\/types\/product"}],"wp:featuredmedia":[{"embeddable":true,"href":"https:\/\/miguelangeljoyeros.es\/index.php\/wp-json\/wp\/v2\/media\/207"}],"wp:attachment":[{"href":"https:\/\/miguelangeljoyeros.es\/index.php\/wp-json\/wp\/v2\/media?parent=206"}],"wp:term":[{"taxonomy":"product_cat","embeddable":true,"href":"https:\/\/miguelangeljoyeros.es\/index.php\/wp-json\/wp\/v2\/product_cat?post=206"},{"taxonomy":"product_tag","embeddable":true,"href":"https:\/\/miguelangeljoyeros.es\/index.php\/wp-json\/wp\/v2\/product_tag?post=206"}],"curies":[{"name":"wp","href":"https:\/\/api.w.org\/{rel}","templated":true}]}}