{"id":290,"date":"2024-11-13T11:12:47","date_gmt":"2024-11-13T11:12:47","guid":{"rendered":"https:\/\/miguelangeljoyeros.es\/?post_type=product&#038;p=290"},"modified":"2024-11-13T11:12:48","modified_gmt":"2024-11-13T11:12:48","slug":"pendientes-brilliant-cut-en-plata-de-ley-con-circonitas-excellence-star-cut-y-perla-de-concha","status":"publish","type":"product","link":"https:\/\/miguelangeljoyeros.es\/index.php\/producto\/pendientes-brilliant-cut-en-plata-de-ley-con-circonitas-excellence-star-cut-y-perla-de-concha\/","title":{"rendered":"Pendientes BRILLIANT CUT en plata de ley con circonitas Excellence star cut y perla de concha"},"content":{"rendered":"<p>Pendientes en plata de ley 925mls con doble ba\u00f1o de platino y rodio y circonitas EXCELLENCE STAR CUT talladas con los est\u00e1ndares ideales del corte brillante. Ofreciendo el m\u00e1ximo brillo habiendo utilizado el corte ideal de Tolkowsky, reconocido como el corte brillante m\u00e1s perfecto del mundo y perla de concha con n\u00facleo de n\u00e1car recubierto por una mezcla fina de polvo de n\u00e1car.<\/p>\n","protected":false},"excerpt":{"rendered":"<p>Pendientes en plata de ley 925mls con doble ba\u00f1o de platino y rodio y circonitas EXCELLENCE STAR CUT talladas con los est\u00e1ndares ideales del corte brillante. Ofreciendo el m\u00e1ximo brillo habiendo utilizado el corte ideal de Tolkowsky, reconocido como el corte brillante m\u00e1s perfecto del mundo y perla de concha con n\u00facleo de n\u00e1car recubierto por una mezcla fina de polvo de n\u00e1car.<\/p>\n","protected":false},"featured_media":291,"template":"","meta":[],"product_cat":[55],"product_tag":[],"class_list":{"0":"post-290","1":"product","2":"type-product","3":"status-publish","4":"has-post-thumbnail","6":"product_cat-t-adoro","8":"first","9":"instock","10":"shipping-taxable","11":"product-type-simple"},"yoast_head":"<!-- This site is optimized with the Yoast SEO plugin v23.7 - https:\/\/yoast.com\/wordpress\/plugins\/seo\/ -->\n<title>Pendientes BRILLIANT CUT en plata de ley con circonitas Excellence star cut y perla de concha - Miguel Angel Joyeros<\/title>\n<meta name=\"robots\" content=\"index, follow, max-snippet:-1, max-image-preview:large, max-video-preview:-1\" \/>\n<link rel=\"canonical\" href=\"https:\/\/miguelangeljoyeros.es\/index.php\/producto\/pendientes-brilliant-cut-en-plata-de-ley-con-circonitas-excellence-star-cut-y-perla-de-concha\/\" \/>\n<meta property=\"og:locale\" content=\"es_ES\" \/>\n<meta property=\"og:type\" content=\"article\" \/>\n<meta property=\"og:title\" content=\"Pendientes BRILLIANT CUT en plata de ley con circonitas Excellence star cut y perla de concha - Miguel Angel Joyeros\" \/>\n<meta property=\"og:description\" content=\"Pendientes en plata de ley 925mls con doble ba\u00f1o de platino y rodio y circonitas EXCELLENCE STAR CUT talladas con los est\u00e1ndares ideales del corte brillante. Ofreciendo el m\u00e1ximo brillo habiendo utilizado el corte ideal de Tolkowsky, reconocido como el corte brillante m\u00e1s perfecto del mundo y perla de concha con n\u00facleo de n\u00e1car recubierto por una mezcla fina de polvo de n\u00e1car.\" \/>\n<meta property=\"og:url\" content=\"https:\/\/miguelangeljoyeros.es\/index.php\/producto\/pendientes-brilliant-cut-en-plata-de-ley-con-circonitas-excellence-star-cut-y-perla-de-concha\/\" \/>\n<meta property=\"og:site_name\" content=\"Miguel Angel Joyeros\" \/>\n<meta property=\"article:publisher\" content=\"https:\/\/www.facebook.com\/joyeria.miguelangel.31\/\" \/>\n<meta property=\"article:modified_time\" content=\"2024-11-13T11:12:48+00:00\" \/>\n<meta property=\"og:image\" content=\"https:\/\/miguelangeljoyeros.es\/wp-content\/uploads\/2024\/11\/BPE38CT.webp\" \/>\n\t<meta property=\"og:image:width\" content=\"600\" \/>\n\t<meta property=\"og:image:height\" content=\"750\" \/>\n\t<meta property=\"og:image:type\" content=\"image\/webp\" \/>\n<meta name=\"twitter:card\" content=\"summary_large_image\" \/>\n<meta name=\"twitter:label1\" content=\"Tiempo de lectura\" \/>\n\t<meta name=\"twitter:data1\" content=\"1 minuto\" \/>\n<script type=\"application\/ld+json\" class=\"yoast-schema-graph\">{\"@context\":\"https:\/\/schema.org\",\"@graph\":[{\"@type\":\"WebPage\",\"@id\":\"https:\/\/miguelangeljoyeros.es\/index.php\/producto\/pendientes-brilliant-cut-en-plata-de-ley-con-circonitas-excellence-star-cut-y-perla-de-concha\/\",\"url\":\"https:\/\/miguelangeljoyeros.es\/index.php\/producto\/pendientes-brilliant-cut-en-plata-de-ley-con-circonitas-excellence-star-cut-y-perla-de-concha\/\",\"name\":\"Pendientes BRILLIANT CUT en plata de ley con circonitas Excellence star cut y perla de concha - Miguel Angel Joyeros\",\"isPartOf\":{\"@id\":\"https:\/\/miguelangeljoyeros.es\/#website\"},\"primaryImageOfPage\":{\"@id\":\"https:\/\/miguelangeljoyeros.es\/index.php\/producto\/pendientes-brilliant-cut-en-plata-de-ley-con-circonitas-excellence-star-cut-y-perla-de-concha\/#primaryimage\"},\"image\":{\"@id\":\"https:\/\/miguelangeljoyeros.es\/index.php\/producto\/pendientes-brilliant-cut-en-plata-de-ley-con-circonitas-excellence-star-cut-y-perla-de-concha\/#primaryimage\"},\"thumbnailUrl\":\"https:\/\/miguelangeljoyeros.es\/wp-content\/uploads\/2024\/11\/BPE38CT.webp\",\"datePublished\":\"2024-11-13T11:12:47+00:00\",\"dateModified\":\"2024-11-13T11:12:48+00:00\",\"breadcrumb\":{\"@id\":\"https:\/\/miguelangeljoyeros.es\/index.php\/producto\/pendientes-brilliant-cut-en-plata-de-ley-con-circonitas-excellence-star-cut-y-perla-de-concha\/#breadcrumb\"},\"inLanguage\":\"es\",\"potentialAction\":[{\"@type\":\"ReadAction\",\"target\":[\"https:\/\/miguelangeljoyeros.es\/index.php\/producto\/pendientes-brilliant-cut-en-plata-de-ley-con-circonitas-excellence-star-cut-y-perla-de-concha\/\"]}]},{\"@type\":\"ImageObject\",\"inLanguage\":\"es\",\"@id\":\"https:\/\/miguelangeljoyeros.es\/index.php\/producto\/pendientes-brilliant-cut-en-plata-de-ley-con-circonitas-excellence-star-cut-y-perla-de-concha\/#primaryimage\",\"url\":\"https:\/\/miguelangeljoyeros.es\/wp-content\/uploads\/2024\/11\/BPE38CT.webp\",\"contentUrl\":\"https:\/\/miguelangeljoyeros.es\/wp-content\/uploads\/2024\/11\/BPE38CT.webp\",\"width\":600,\"height\":750},{\"@type\":\"BreadcrumbList\",\"@id\":\"https:\/\/miguelangeljoyeros.es\/index.php\/producto\/pendientes-brilliant-cut-en-plata-de-ley-con-circonitas-excellence-star-cut-y-perla-de-concha\/#breadcrumb\",\"itemListElement\":[{\"@type\":\"ListItem\",\"position\":1,\"name\":\"Portada\",\"item\":\"https:\/\/miguelangeljoyeros.es\/\"},{\"@type\":\"ListItem\",\"position\":2,\"name\":\"Tienda\",\"item\":\"https:\/\/miguelangeljoyeros.es\/index.php\/tienda\/\"},{\"@type\":\"ListItem\",\"position\":3,\"name\":\"Pendientes BRILLIANT CUT en plata de ley con circonitas Excellence star cut y perla de concha\"}]},{\"@type\":\"WebSite\",\"@id\":\"https:\/\/miguelangeljoyeros.es\/#website\",\"url\":\"https:\/\/miguelangeljoyeros.es\/\",\"name\":\"Miguel \u00c1ngel Joyeros\",\"description\":\"Venta y reparaci\u00f3n de joyer\u00eda y relojer\u00eda de alta calidad\",\"publisher\":{\"@id\":\"https:\/\/miguelangeljoyeros.es\/#organization\"},\"alternateName\":\"Miguel \u00c1ngel Joyeros\",\"potentialAction\":[{\"@type\":\"SearchAction\",\"target\":{\"@type\":\"EntryPoint\",\"urlTemplate\":\"https:\/\/miguelangeljoyeros.es\/?s={search_term_string}\"},\"query-input\":{\"@type\":\"PropertyValueSpecification\",\"valueRequired\":true,\"valueName\":\"search_term_string\"}}],\"inLanguage\":\"es\"},{\"@type\":\"Organization\",\"@id\":\"https:\/\/miguelangeljoyeros.es\/#organization\",\"name\":\"Miguel \u00c1ngel Joyeros\",\"url\":\"https:\/\/miguelangeljoyeros.es\/\",\"logo\":{\"@type\":\"ImageObject\",\"inLanguage\":\"es\",\"@id\":\"https:\/\/miguelangeljoyeros.es\/#\/schema\/logo\/image\/\",\"url\":\"https:\/\/miguelangeljoyeros.es\/wp-content\/uploads\/2023\/08\/logo3.png\",\"contentUrl\":\"https:\/\/miguelangeljoyeros.es\/wp-content\/uploads\/2023\/08\/logo3.png\",\"width\":467,\"height\":187,\"caption\":\"Miguel \u00c1ngel Joyeros\"},\"image\":{\"@id\":\"https:\/\/miguelangeljoyeros.es\/#\/schema\/logo\/image\/\"},\"sameAs\":[\"https:\/\/www.facebook.com\/joyeria.miguelangel.31\/\"]}]}<\/script>\n<!-- \/ Yoast SEO plugin. -->","yoast_head_json":{"title":"Pendientes BRILLIANT CUT en plata de ley con circonitas Excellence star cut y perla de concha - Miguel Angel Joyeros","robots":{"index":"index","follow":"follow","max-snippet":"max-snippet:-1","max-image-preview":"max-image-preview:large","max-video-preview":"max-video-preview:-1"},"canonical":"https:\/\/miguelangeljoyeros.es\/index.php\/producto\/pendientes-brilliant-cut-en-plata-de-ley-con-circonitas-excellence-star-cut-y-perla-de-concha\/","og_locale":"es_ES","og_type":"article","og_title":"Pendientes BRILLIANT CUT en plata de ley con circonitas Excellence star cut y perla de concha - Miguel Angel Joyeros","og_description":"Pendientes en plata de ley 925mls con doble ba\u00f1o de platino y rodio y circonitas EXCELLENCE STAR CUT talladas con los est\u00e1ndares ideales del corte brillante. Ofreciendo el m\u00e1ximo brillo habiendo utilizado el corte ideal de Tolkowsky, reconocido como el corte brillante m\u00e1s perfecto del mundo y perla de concha con n\u00facleo de n\u00e1car recubierto por una mezcla fina de polvo de n\u00e1car.","og_url":"https:\/\/miguelangeljoyeros.es\/index.php\/producto\/pendientes-brilliant-cut-en-plata-de-ley-con-circonitas-excellence-star-cut-y-perla-de-concha\/","og_site_name":"Miguel Angel Joyeros","article_publisher":"https:\/\/www.facebook.com\/joyeria.miguelangel.31\/","article_modified_time":"2024-11-13T11:12:48+00:00","og_image":[{"width":600,"height":750,"url":"https:\/\/miguelangeljoyeros.es\/wp-content\/uploads\/2024\/11\/BPE38CT.webp","type":"image\/webp"}],"twitter_card":"summary_large_image","twitter_misc":{"Tiempo de lectura":"1 minuto"},"schema":{"@context":"https:\/\/schema.org","@graph":[{"@type":"WebPage","@id":"https:\/\/miguelangeljoyeros.es\/index.php\/producto\/pendientes-brilliant-cut-en-plata-de-ley-con-circonitas-excellence-star-cut-y-perla-de-concha\/","url":"https:\/\/miguelangeljoyeros.es\/index.php\/producto\/pendientes-brilliant-cut-en-plata-de-ley-con-circonitas-excellence-star-cut-y-perla-de-concha\/","name":"Pendientes BRILLIANT CUT en plata de ley con circonitas Excellence star cut y perla de concha - Miguel Angel Joyeros","isPartOf":{"@id":"https:\/\/miguelangeljoyeros.es\/#website"},"primaryImageOfPage":{"@id":"https:\/\/miguelangeljoyeros.es\/index.php\/producto\/pendientes-brilliant-cut-en-plata-de-ley-con-circonitas-excellence-star-cut-y-perla-de-concha\/#primaryimage"},"image":{"@id":"https:\/\/miguelangeljoyeros.es\/index.php\/producto\/pendientes-brilliant-cut-en-plata-de-ley-con-circonitas-excellence-star-cut-y-perla-de-concha\/#primaryimage"},"thumbnailUrl":"https:\/\/miguelangeljoyeros.es\/wp-content\/uploads\/2024\/11\/BPE38CT.webp","datePublished":"2024-11-13T11:12:47+00:00","dateModified":"2024-11-13T11:12:48+00:00","breadcrumb":{"@id":"https:\/\/miguelangeljoyeros.es\/index.php\/producto\/pendientes-brilliant-cut-en-plata-de-ley-con-circonitas-excellence-star-cut-y-perla-de-concha\/#breadcrumb"},"inLanguage":"es","potentialAction":[{"@type":"ReadAction","target":["https:\/\/miguelangeljoyeros.es\/index.php\/producto\/pendientes-brilliant-cut-en-plata-de-ley-con-circonitas-excellence-star-cut-y-perla-de-concha\/"]}]},{"@type":"ImageObject","inLanguage":"es","@id":"https:\/\/miguelangeljoyeros.es\/index.php\/producto\/pendientes-brilliant-cut-en-plata-de-ley-con-circonitas-excellence-star-cut-y-perla-de-concha\/#primaryimage","url":"https:\/\/miguelangeljoyeros.es\/wp-content\/uploads\/2024\/11\/BPE38CT.webp","contentUrl":"https:\/\/miguelangeljoyeros.es\/wp-content\/uploads\/2024\/11\/BPE38CT.webp","width":600,"height":750},{"@type":"BreadcrumbList","@id":"https:\/\/miguelangeljoyeros.es\/index.php\/producto\/pendientes-brilliant-cut-en-plata-de-ley-con-circonitas-excellence-star-cut-y-perla-de-concha\/#breadcrumb","itemListElement":[{"@type":"ListItem","position":1,"name":"Portada","item":"https:\/\/miguelangeljoyeros.es\/"},{"@type":"ListItem","position":2,"name":"Tienda","item":"https:\/\/miguelangeljoyeros.es\/index.php\/tienda\/"},{"@type":"ListItem","position":3,"name":"Pendientes BRILLIANT CUT en plata de ley con circonitas Excellence star cut y perla de concha"}]},{"@type":"WebSite","@id":"https:\/\/miguelangeljoyeros.es\/#website","url":"https:\/\/miguelangeljoyeros.es\/","name":"Miguel \u00c1ngel Joyeros","description":"Venta y reparaci\u00f3n de joyer\u00eda y relojer\u00eda de alta calidad","publisher":{"@id":"https:\/\/miguelangeljoyeros.es\/#organization"},"alternateName":"Miguel \u00c1ngel Joyeros","potentialAction":[{"@type":"SearchAction","target":{"@type":"EntryPoint","urlTemplate":"https:\/\/miguelangeljoyeros.es\/?s={search_term_string}"},"query-input":{"@type":"PropertyValueSpecification","valueRequired":true,"valueName":"search_term_string"}}],"inLanguage":"es"},{"@type":"Organization","@id":"https:\/\/miguelangeljoyeros.es\/#organization","name":"Miguel \u00c1ngel Joyeros","url":"https:\/\/miguelangeljoyeros.es\/","logo":{"@type":"ImageObject","inLanguage":"es","@id":"https:\/\/miguelangeljoyeros.es\/#\/schema\/logo\/image\/","url":"https:\/\/miguelangeljoyeros.es\/wp-content\/uploads\/2023\/08\/logo3.png","contentUrl":"https:\/\/miguelangeljoyeros.es\/wp-content\/uploads\/2023\/08\/logo3.png","width":467,"height":187,"caption":"Miguel \u00c1ngel Joyeros"},"image":{"@id":"https:\/\/miguelangeljoyeros.es\/#\/schema\/logo\/image\/"},"sameAs":["https:\/\/www.facebook.com\/joyeria.miguelangel.31\/"]}]}},"_links":{"self":[{"href":"https:\/\/miguelangeljoyeros.es\/index.php\/wp-json\/wp\/v2\/product\/290"}],"collection":[{"href":"https:\/\/miguelangeljoyeros.es\/index.php\/wp-json\/wp\/v2\/product"}],"about":[{"href":"https:\/\/miguelangeljoyeros.es\/index.php\/wp-json\/wp\/v2\/types\/product"}],"wp:featuredmedia":[{"embeddable":true,"href":"https:\/\/miguelangeljoyeros.es\/index.php\/wp-json\/wp\/v2\/media\/291"}],"wp:attachment":[{"href":"https:\/\/miguelangeljoyeros.es\/index.php\/wp-json\/wp\/v2\/media?parent=290"}],"wp:term":[{"taxonomy":"product_cat","embeddable":true,"href":"https:\/\/miguelangeljoyeros.es\/index.php\/wp-json\/wp\/v2\/product_cat?post=290"},{"taxonomy":"product_tag","embeddable":true,"href":"https:\/\/miguelangeljoyeros.es\/index.php\/wp-json\/wp\/v2\/product_tag?post=290"}],"curies":[{"name":"wp","href":"https:\/\/api.w.org\/{rel}","templated":true}]}}