{"id":308,"date":"2024-11-14T12:20:19","date_gmt":"2024-11-14T12:20:19","guid":{"rendered":"https:\/\/miguelangeljoyeros.es\/?post_type=product&#038;p=308"},"modified":"2024-11-14T12:20:20","modified_gmt":"2024-11-14T12:20:20","slug":"pendientes-brilliant-cut-en-plata-de-ley-y-circonitas-excellence-star-cut","status":"publish","type":"product","link":"https:\/\/miguelangeljoyeros.es\/index.php\/producto\/pendientes-brilliant-cut-en-plata-de-ley-y-circonitas-excellence-star-cut\/","title":{"rendered":"Pendientes BRILLIANT CUT en plata de ley y circonitas Excellence star cut."},"content":{"rendered":"<p>Pendientes en plata de ley 925mls con doble ba\u00f1o de platino y rodio y circonitas EXCELLENCE STAR CUT talladas con los est\u00e1ndares ideales del corte brillante. Ofreciendo el m\u00e1ximo brillo habiendo utilizado el corte ideal de Tolkowsky, reconocido como el corte brillante m\u00e1s perfecto del mundo.<\/p>\n","protected":false},"excerpt":{"rendered":"<p>Pendientes en plata de ley 925mls con doble ba\u00f1o de platino y rodio y circonitas EXCELLENCE STAR CUT talladas con los est\u00e1ndares ideales del corte brillante. Ofreciendo el m\u00e1ximo brillo habiendo utilizado el corte ideal de Tolkowsky, reconocido como el corte brillante m\u00e1s perfecto del mundo.<\/p>\n","protected":false},"featured_media":309,"template":"","meta":[],"product_cat":[55],"product_tag":[],"class_list":{"0":"post-308","1":"product","2":"type-product","3":"status-publish","4":"has-post-thumbnail","6":"product_cat-t-adoro","8":"first","9":"instock","10":"shipping-taxable","11":"product-type-simple"},"yoast_head":"<!-- This site is optimized with the Yoast SEO plugin v23.7 - https:\/\/yoast.com\/wordpress\/plugins\/seo\/ -->\n<title>Pendientes BRILLIANT CUT en plata de ley y circonitas Excellence star cut. - Miguel Angel Joyeros<\/title>\n<meta name=\"robots\" content=\"index, follow, max-snippet:-1, max-image-preview:large, max-video-preview:-1\" \/>\n<link rel=\"canonical\" href=\"https:\/\/miguelangeljoyeros.es\/index.php\/producto\/pendientes-brilliant-cut-en-plata-de-ley-y-circonitas-excellence-star-cut\/\" \/>\n<meta property=\"og:locale\" content=\"es_ES\" \/>\n<meta property=\"og:type\" content=\"article\" \/>\n<meta property=\"og:title\" content=\"Pendientes BRILLIANT CUT en plata de ley y circonitas Excellence star cut. - Miguel Angel Joyeros\" \/>\n<meta property=\"og:description\" content=\"Pendientes en plata de ley 925mls con doble ba\u00f1o de platino y rodio y circonitas EXCELLENCE STAR CUT talladas con los est\u00e1ndares ideales del corte brillante. Ofreciendo el m\u00e1ximo brillo habiendo utilizado el corte ideal de Tolkowsky, reconocido como el corte brillante m\u00e1s perfecto del mundo.\" \/>\n<meta property=\"og:url\" content=\"https:\/\/miguelangeljoyeros.es\/index.php\/producto\/pendientes-brilliant-cut-en-plata-de-ley-y-circonitas-excellence-star-cut\/\" \/>\n<meta property=\"og:site_name\" content=\"Miguel Angel Joyeros\" \/>\n<meta property=\"article:publisher\" content=\"https:\/\/www.facebook.com\/joyeria.miguelangel.31\/\" \/>\n<meta property=\"article:modified_time\" content=\"2024-11-14T12:20:20+00:00\" \/>\n<meta property=\"og:image\" content=\"https:\/\/miguelangeljoyeros.es\/wp-content\/uploads\/2024\/11\/BPE22.webp\" \/>\n\t<meta property=\"og:image:width\" content=\"800\" \/>\n\t<meta property=\"og:image:height\" content=\"1000\" \/>\n\t<meta property=\"og:image:type\" content=\"image\/webp\" \/>\n<meta name=\"twitter:card\" content=\"summary_large_image\" \/>\n<meta name=\"twitter:label1\" content=\"Tiempo de lectura\" \/>\n\t<meta name=\"twitter:data1\" content=\"1 minuto\" \/>\n<script type=\"application\/ld+json\" class=\"yoast-schema-graph\">{\"@context\":\"https:\/\/schema.org\",\"@graph\":[{\"@type\":\"WebPage\",\"@id\":\"https:\/\/miguelangeljoyeros.es\/index.php\/producto\/pendientes-brilliant-cut-en-plata-de-ley-y-circonitas-excellence-star-cut\/\",\"url\":\"https:\/\/miguelangeljoyeros.es\/index.php\/producto\/pendientes-brilliant-cut-en-plata-de-ley-y-circonitas-excellence-star-cut\/\",\"name\":\"Pendientes BRILLIANT CUT en plata de ley y circonitas Excellence star cut. - Miguel Angel Joyeros\",\"isPartOf\":{\"@id\":\"https:\/\/miguelangeljoyeros.es\/#website\"},\"primaryImageOfPage\":{\"@id\":\"https:\/\/miguelangeljoyeros.es\/index.php\/producto\/pendientes-brilliant-cut-en-plata-de-ley-y-circonitas-excellence-star-cut\/#primaryimage\"},\"image\":{\"@id\":\"https:\/\/miguelangeljoyeros.es\/index.php\/producto\/pendientes-brilliant-cut-en-plata-de-ley-y-circonitas-excellence-star-cut\/#primaryimage\"},\"thumbnailUrl\":\"https:\/\/miguelangeljoyeros.es\/wp-content\/uploads\/2024\/11\/BPE22.webp\",\"datePublished\":\"2024-11-14T12:20:19+00:00\",\"dateModified\":\"2024-11-14T12:20:20+00:00\",\"breadcrumb\":{\"@id\":\"https:\/\/miguelangeljoyeros.es\/index.php\/producto\/pendientes-brilliant-cut-en-plata-de-ley-y-circonitas-excellence-star-cut\/#breadcrumb\"},\"inLanguage\":\"es\",\"potentialAction\":[{\"@type\":\"ReadAction\",\"target\":[\"https:\/\/miguelangeljoyeros.es\/index.php\/producto\/pendientes-brilliant-cut-en-plata-de-ley-y-circonitas-excellence-star-cut\/\"]}]},{\"@type\":\"ImageObject\",\"inLanguage\":\"es\",\"@id\":\"https:\/\/miguelangeljoyeros.es\/index.php\/producto\/pendientes-brilliant-cut-en-plata-de-ley-y-circonitas-excellence-star-cut\/#primaryimage\",\"url\":\"https:\/\/miguelangeljoyeros.es\/wp-content\/uploads\/2024\/11\/BPE22.webp\",\"contentUrl\":\"https:\/\/miguelangeljoyeros.es\/wp-content\/uploads\/2024\/11\/BPE22.webp\",\"width\":800,\"height\":1000},{\"@type\":\"BreadcrumbList\",\"@id\":\"https:\/\/miguelangeljoyeros.es\/index.php\/producto\/pendientes-brilliant-cut-en-plata-de-ley-y-circonitas-excellence-star-cut\/#breadcrumb\",\"itemListElement\":[{\"@type\":\"ListItem\",\"position\":1,\"name\":\"Portada\",\"item\":\"https:\/\/miguelangeljoyeros.es\/\"},{\"@type\":\"ListItem\",\"position\":2,\"name\":\"Tienda\",\"item\":\"https:\/\/miguelangeljoyeros.es\/index.php\/tienda\/\"},{\"@type\":\"ListItem\",\"position\":3,\"name\":\"Pendientes BRILLIANT CUT en plata de ley y circonitas Excellence star cut.\"}]},{\"@type\":\"WebSite\",\"@id\":\"https:\/\/miguelangeljoyeros.es\/#website\",\"url\":\"https:\/\/miguelangeljoyeros.es\/\",\"name\":\"Miguel \u00c1ngel Joyeros\",\"description\":\"Venta y reparaci\u00f3n de joyer\u00eda y relojer\u00eda de alta calidad\",\"publisher\":{\"@id\":\"https:\/\/miguelangeljoyeros.es\/#organization\"},\"alternateName\":\"Miguel \u00c1ngel Joyeros\",\"potentialAction\":[{\"@type\":\"SearchAction\",\"target\":{\"@type\":\"EntryPoint\",\"urlTemplate\":\"https:\/\/miguelangeljoyeros.es\/?s={search_term_string}\"},\"query-input\":{\"@type\":\"PropertyValueSpecification\",\"valueRequired\":true,\"valueName\":\"search_term_string\"}}],\"inLanguage\":\"es\"},{\"@type\":\"Organization\",\"@id\":\"https:\/\/miguelangeljoyeros.es\/#organization\",\"name\":\"Miguel \u00c1ngel Joyeros\",\"url\":\"https:\/\/miguelangeljoyeros.es\/\",\"logo\":{\"@type\":\"ImageObject\",\"inLanguage\":\"es\",\"@id\":\"https:\/\/miguelangeljoyeros.es\/#\/schema\/logo\/image\/\",\"url\":\"https:\/\/miguelangeljoyeros.es\/wp-content\/uploads\/2023\/08\/logo3.png\",\"contentUrl\":\"https:\/\/miguelangeljoyeros.es\/wp-content\/uploads\/2023\/08\/logo3.png\",\"width\":467,\"height\":187,\"caption\":\"Miguel \u00c1ngel Joyeros\"},\"image\":{\"@id\":\"https:\/\/miguelangeljoyeros.es\/#\/schema\/logo\/image\/\"},\"sameAs\":[\"https:\/\/www.facebook.com\/joyeria.miguelangel.31\/\"]}]}<\/script>\n<!-- \/ Yoast SEO plugin. -->","yoast_head_json":{"title":"Pendientes BRILLIANT CUT en plata de ley y circonitas Excellence star cut. - Miguel Angel Joyeros","robots":{"index":"index","follow":"follow","max-snippet":"max-snippet:-1","max-image-preview":"max-image-preview:large","max-video-preview":"max-video-preview:-1"},"canonical":"https:\/\/miguelangeljoyeros.es\/index.php\/producto\/pendientes-brilliant-cut-en-plata-de-ley-y-circonitas-excellence-star-cut\/","og_locale":"es_ES","og_type":"article","og_title":"Pendientes BRILLIANT CUT en plata de ley y circonitas Excellence star cut. - Miguel Angel Joyeros","og_description":"Pendientes en plata de ley 925mls con doble ba\u00f1o de platino y rodio y circonitas EXCELLENCE STAR CUT talladas con los est\u00e1ndares ideales del corte brillante. Ofreciendo el m\u00e1ximo brillo habiendo utilizado el corte ideal de Tolkowsky, reconocido como el corte brillante m\u00e1s perfecto del mundo.","og_url":"https:\/\/miguelangeljoyeros.es\/index.php\/producto\/pendientes-brilliant-cut-en-plata-de-ley-y-circonitas-excellence-star-cut\/","og_site_name":"Miguel Angel Joyeros","article_publisher":"https:\/\/www.facebook.com\/joyeria.miguelangel.31\/","article_modified_time":"2024-11-14T12:20:20+00:00","og_image":[{"width":800,"height":1000,"url":"https:\/\/miguelangeljoyeros.es\/wp-content\/uploads\/2024\/11\/BPE22.webp","type":"image\/webp"}],"twitter_card":"summary_large_image","twitter_misc":{"Tiempo de lectura":"1 minuto"},"schema":{"@context":"https:\/\/schema.org","@graph":[{"@type":"WebPage","@id":"https:\/\/miguelangeljoyeros.es\/index.php\/producto\/pendientes-brilliant-cut-en-plata-de-ley-y-circonitas-excellence-star-cut\/","url":"https:\/\/miguelangeljoyeros.es\/index.php\/producto\/pendientes-brilliant-cut-en-plata-de-ley-y-circonitas-excellence-star-cut\/","name":"Pendientes BRILLIANT CUT en plata de ley y circonitas Excellence star cut. - Miguel Angel Joyeros","isPartOf":{"@id":"https:\/\/miguelangeljoyeros.es\/#website"},"primaryImageOfPage":{"@id":"https:\/\/miguelangeljoyeros.es\/index.php\/producto\/pendientes-brilliant-cut-en-plata-de-ley-y-circonitas-excellence-star-cut\/#primaryimage"},"image":{"@id":"https:\/\/miguelangeljoyeros.es\/index.php\/producto\/pendientes-brilliant-cut-en-plata-de-ley-y-circonitas-excellence-star-cut\/#primaryimage"},"thumbnailUrl":"https:\/\/miguelangeljoyeros.es\/wp-content\/uploads\/2024\/11\/BPE22.webp","datePublished":"2024-11-14T12:20:19+00:00","dateModified":"2024-11-14T12:20:20+00:00","breadcrumb":{"@id":"https:\/\/miguelangeljoyeros.es\/index.php\/producto\/pendientes-brilliant-cut-en-plata-de-ley-y-circonitas-excellence-star-cut\/#breadcrumb"},"inLanguage":"es","potentialAction":[{"@type":"ReadAction","target":["https:\/\/miguelangeljoyeros.es\/index.php\/producto\/pendientes-brilliant-cut-en-plata-de-ley-y-circonitas-excellence-star-cut\/"]}]},{"@type":"ImageObject","inLanguage":"es","@id":"https:\/\/miguelangeljoyeros.es\/index.php\/producto\/pendientes-brilliant-cut-en-plata-de-ley-y-circonitas-excellence-star-cut\/#primaryimage","url":"https:\/\/miguelangeljoyeros.es\/wp-content\/uploads\/2024\/11\/BPE22.webp","contentUrl":"https:\/\/miguelangeljoyeros.es\/wp-content\/uploads\/2024\/11\/BPE22.webp","width":800,"height":1000},{"@type":"BreadcrumbList","@id":"https:\/\/miguelangeljoyeros.es\/index.php\/producto\/pendientes-brilliant-cut-en-plata-de-ley-y-circonitas-excellence-star-cut\/#breadcrumb","itemListElement":[{"@type":"ListItem","position":1,"name":"Portada","item":"https:\/\/miguelangeljoyeros.es\/"},{"@type":"ListItem","position":2,"name":"Tienda","item":"https:\/\/miguelangeljoyeros.es\/index.php\/tienda\/"},{"@type":"ListItem","position":3,"name":"Pendientes BRILLIANT CUT en plata de ley y circonitas Excellence star cut."}]},{"@type":"WebSite","@id":"https:\/\/miguelangeljoyeros.es\/#website","url":"https:\/\/miguelangeljoyeros.es\/","name":"Miguel \u00c1ngel Joyeros","description":"Venta y reparaci\u00f3n de joyer\u00eda y relojer\u00eda de alta calidad","publisher":{"@id":"https:\/\/miguelangeljoyeros.es\/#organization"},"alternateName":"Miguel \u00c1ngel Joyeros","potentialAction":[{"@type":"SearchAction","target":{"@type":"EntryPoint","urlTemplate":"https:\/\/miguelangeljoyeros.es\/?s={search_term_string}"},"query-input":{"@type":"PropertyValueSpecification","valueRequired":true,"valueName":"search_term_string"}}],"inLanguage":"es"},{"@type":"Organization","@id":"https:\/\/miguelangeljoyeros.es\/#organization","name":"Miguel \u00c1ngel Joyeros","url":"https:\/\/miguelangeljoyeros.es\/","logo":{"@type":"ImageObject","inLanguage":"es","@id":"https:\/\/miguelangeljoyeros.es\/#\/schema\/logo\/image\/","url":"https:\/\/miguelangeljoyeros.es\/wp-content\/uploads\/2023\/08\/logo3.png","contentUrl":"https:\/\/miguelangeljoyeros.es\/wp-content\/uploads\/2023\/08\/logo3.png","width":467,"height":187,"caption":"Miguel \u00c1ngel Joyeros"},"image":{"@id":"https:\/\/miguelangeljoyeros.es\/#\/schema\/logo\/image\/"},"sameAs":["https:\/\/www.facebook.com\/joyeria.miguelangel.31\/"]}]}},"_links":{"self":[{"href":"https:\/\/miguelangeljoyeros.es\/index.php\/wp-json\/wp\/v2\/product\/308"}],"collection":[{"href":"https:\/\/miguelangeljoyeros.es\/index.php\/wp-json\/wp\/v2\/product"}],"about":[{"href":"https:\/\/miguelangeljoyeros.es\/index.php\/wp-json\/wp\/v2\/types\/product"}],"wp:featuredmedia":[{"embeddable":true,"href":"https:\/\/miguelangeljoyeros.es\/index.php\/wp-json\/wp\/v2\/media\/309"}],"wp:attachment":[{"href":"https:\/\/miguelangeljoyeros.es\/index.php\/wp-json\/wp\/v2\/media?parent=308"}],"wp:term":[{"taxonomy":"product_cat","embeddable":true,"href":"https:\/\/miguelangeljoyeros.es\/index.php\/wp-json\/wp\/v2\/product_cat?post=308"},{"taxonomy":"product_tag","embeddable":true,"href":"https:\/\/miguelangeljoyeros.es\/index.php\/wp-json\/wp\/v2\/product_tag?post=308"}],"curies":[{"name":"wp","href":"https:\/\/api.w.org\/{rel}","templated":true}]}}