{"id":667,"date":"2025-02-17T12:21:25","date_gmt":"2025-02-17T12:21:25","guid":{"rendered":"https:\/\/miguelangeljoyeros.es\/?post_type=product&#038;p=667"},"modified":"2025-02-17T12:21:26","modified_gmt":"2025-02-17T12:21:26","slug":"status-elite-swiss","status":"publish","type":"product","link":"https:\/\/miguelangeljoyeros.es\/index.php\/producto\/status-elite-swiss\/","title":{"rendered":"STATUS ELITE SWISS"},"content":{"rendered":"<p>&nbsp;<\/p>\n<p dir=\"ltr\"><span><span class=\"\">La colecci\u00f3n <\/span><\/span><strong><span><span class=\"\">STATUS ELITE<\/span><\/span><\/strong><span><span class=\"\"> representa la excelencia de la relojer\u00eda contempor\u00e1nea. Su bisel de cer\u00e1mica, un material tradicionalmente reservado a la alta relojer\u00eda suiza, reafirma nuestra posici\u00f3n a la vanguardia del dise\u00f1o.<\/span><\/span><\/p>\n<p dir=\"ltr\"><span><span class=\"\">Una caracter\u00edstica destacada de esta l\u00ednea es la inclusi\u00f3n de <\/span><\/span><strong><span><span class=\"\">Swiss Super-LumiNova\u00ae<\/span><\/span><\/strong><span><span class=\"\"> en el <\/span><\/span><strong><span><span class=\"\">bisel de cer\u00e1mica<\/span><\/span><\/strong><span><span class=\"\"> , que proporciona un brillo cautivador tanto de d\u00eda como de noche, garantizando una visibilidad impecable en cualquier entorno.<\/span><\/span><\/p>\n<p dir=\"ltr\"><span>Equipado con un <\/span><strong><span>preciso movimiento japon\u00e9s<\/span><\/strong><span> , el <\/span> <span>STATUS ELITE garantiza una fiabilidad y precisi\u00f3n excepcionales, manteniendo cada segundo en perfecta sincron\u00eda. Adem\u00e1s, su <\/span><strong><span>cristal de zafiro<\/span><\/strong><span> , conocido por su durabilidad superior y resistencia a los ara\u00f1azos, protege la esfera al tiempo que mantiene una claridad y elegancia inigualables a lo largo del tiempo.<\/span><\/p>\n","protected":false},"excerpt":{"rendered":"<p>&nbsp; La colecci\u00f3n STATUS ELITE representa la excelencia de la relojer\u00eda contempor\u00e1nea. Su bisel de cer\u00e1mica, un material tradicionalmente reservado a la alta relojer\u00eda suiza, reafirma nuestra posici\u00f3n a la vanguardia del dise\u00f1o. Una caracter\u00edstica destacada de esta l\u00ednea es la inclusi\u00f3n de Swiss Super-LumiNova\u00ae en el bisel de cer\u00e1mica , que proporciona un brillo cautivador tanto de d\u00eda como de noche, garantizando una visibilidad impecable en cualquier entorno. Equipado con un preciso movimiento japon\u00e9s , el STATUS ELITE garantiza una fiabilidad y precisi\u00f3n excepcionales, manteniendo cada segundo en perfecta sincron\u00eda. Adem\u00e1s, su cristal de zafiro , conocido por su<\/p>\n","protected":false},"featured_media":668,"template":"","meta":[],"product_cat":[31,52],"product_tag":[],"class_list":{"0":"post-667","1":"product","2":"type-product","3":"status-publish","4":"has-post-thumbnail","6":"product_cat-relojes-caballero","7":"product_cat-time-force","9":"first","10":"instock","11":"shipping-taxable","12":"product-type-simple"},"yoast_head":"<!-- This site is optimized with the Yoast SEO plugin v23.7 - https:\/\/yoast.com\/wordpress\/plugins\/seo\/ -->\n<title>STATUS ELITE SWISS - Miguel Angel Joyeros<\/title>\n<meta name=\"robots\" content=\"index, follow, max-snippet:-1, max-image-preview:large, max-video-preview:-1\" \/>\n<link rel=\"canonical\" href=\"https:\/\/miguelangeljoyeros.es\/index.php\/producto\/status-elite-swiss\/\" \/>\n<meta property=\"og:locale\" content=\"es_ES\" \/>\n<meta property=\"og:type\" content=\"article\" \/>\n<meta property=\"og:title\" content=\"STATUS ELITE SWISS - Miguel Angel Joyeros\" \/>\n<meta property=\"og:description\" content=\"&nbsp; La colecci\u00f3n STATUS ELITE representa la excelencia de la relojer\u00eda contempor\u00e1nea. Su bisel de cer\u00e1mica, un material tradicionalmente reservado a la alta relojer\u00eda suiza, reafirma nuestra posici\u00f3n a la vanguardia del dise\u00f1o. Una caracter\u00edstica destacada de esta l\u00ednea es la inclusi\u00f3n de Swiss Super-LumiNova\u00ae en el bisel de cer\u00e1mica , que proporciona un brillo cautivador tanto de d\u00eda como de noche, garantizando una visibilidad impecable en cualquier entorno. Equipado con un preciso movimiento japon\u00e9s , el STATUS ELITE garantiza una fiabilidad y precisi\u00f3n excepcionales, manteniendo cada segundo en perfecta sincron\u00eda. Adem\u00e1s, su cristal de zafiro , conocido por su\" \/>\n<meta property=\"og:url\" content=\"https:\/\/miguelangeljoyeros.es\/index.php\/producto\/status-elite-swiss\/\" \/>\n<meta property=\"og:site_name\" content=\"Miguel Angel Joyeros\" \/>\n<meta property=\"article:publisher\" content=\"https:\/\/www.facebook.com\/joyeria.miguelangel.31\/\" \/>\n<meta property=\"article:modified_time\" content=\"2025-02-17T12:21:26+00:00\" \/>\n<meta property=\"og:image\" content=\"https:\/\/miguelangeljoyeros.es\/wp-content\/uploads\/2025\/02\/TF5055M-09_1.webp\" \/>\n\t<meta property=\"og:image:width\" content=\"800\" \/>\n\t<meta property=\"og:image:height\" content=\"800\" \/>\n\t<meta property=\"og:image:type\" content=\"image\/webp\" \/>\n<meta name=\"twitter:card\" content=\"summary_large_image\" \/>\n<meta name=\"twitter:label1\" content=\"Tiempo de lectura\" \/>\n\t<meta name=\"twitter:data1\" content=\"1 minuto\" \/>\n<script type=\"application\/ld+json\" class=\"yoast-schema-graph\">{\"@context\":\"https:\/\/schema.org\",\"@graph\":[{\"@type\":\"WebPage\",\"@id\":\"https:\/\/miguelangeljoyeros.es\/index.php\/producto\/status-elite-swiss\/\",\"url\":\"https:\/\/miguelangeljoyeros.es\/index.php\/producto\/status-elite-swiss\/\",\"name\":\"STATUS ELITE SWISS - Miguel Angel Joyeros\",\"isPartOf\":{\"@id\":\"https:\/\/miguelangeljoyeros.es\/#website\"},\"primaryImageOfPage\":{\"@id\":\"https:\/\/miguelangeljoyeros.es\/index.php\/producto\/status-elite-swiss\/#primaryimage\"},\"image\":{\"@id\":\"https:\/\/miguelangeljoyeros.es\/index.php\/producto\/status-elite-swiss\/#primaryimage\"},\"thumbnailUrl\":\"https:\/\/miguelangeljoyeros.es\/wp-content\/uploads\/2025\/02\/TF5055M-09_1.webp\",\"datePublished\":\"2025-02-17T12:21:25+00:00\",\"dateModified\":\"2025-02-17T12:21:26+00:00\",\"breadcrumb\":{\"@id\":\"https:\/\/miguelangeljoyeros.es\/index.php\/producto\/status-elite-swiss\/#breadcrumb\"},\"inLanguage\":\"es\",\"potentialAction\":[{\"@type\":\"ReadAction\",\"target\":[\"https:\/\/miguelangeljoyeros.es\/index.php\/producto\/status-elite-swiss\/\"]}]},{\"@type\":\"ImageObject\",\"inLanguage\":\"es\",\"@id\":\"https:\/\/miguelangeljoyeros.es\/index.php\/producto\/status-elite-swiss\/#primaryimage\",\"url\":\"https:\/\/miguelangeljoyeros.es\/wp-content\/uploads\/2025\/02\/TF5055M-09_1.webp\",\"contentUrl\":\"https:\/\/miguelangeljoyeros.es\/wp-content\/uploads\/2025\/02\/TF5055M-09_1.webp\",\"width\":800,\"height\":800},{\"@type\":\"BreadcrumbList\",\"@id\":\"https:\/\/miguelangeljoyeros.es\/index.php\/producto\/status-elite-swiss\/#breadcrumb\",\"itemListElement\":[{\"@type\":\"ListItem\",\"position\":1,\"name\":\"Portada\",\"item\":\"https:\/\/miguelangeljoyeros.es\/\"},{\"@type\":\"ListItem\",\"position\":2,\"name\":\"Tienda\",\"item\":\"https:\/\/miguelangeljoyeros.es\/index.php\/tienda\/\"},{\"@type\":\"ListItem\",\"position\":3,\"name\":\"STATUS ELITE SWISS\"}]},{\"@type\":\"WebSite\",\"@id\":\"https:\/\/miguelangeljoyeros.es\/#website\",\"url\":\"https:\/\/miguelangeljoyeros.es\/\",\"name\":\"Miguel \u00c1ngel Joyeros\",\"description\":\"Venta y reparaci\u00f3n de joyer\u00eda y relojer\u00eda de alta calidad\",\"publisher\":{\"@id\":\"https:\/\/miguelangeljoyeros.es\/#organization\"},\"alternateName\":\"Miguel \u00c1ngel Joyeros\",\"potentialAction\":[{\"@type\":\"SearchAction\",\"target\":{\"@type\":\"EntryPoint\",\"urlTemplate\":\"https:\/\/miguelangeljoyeros.es\/?s={search_term_string}\"},\"query-input\":{\"@type\":\"PropertyValueSpecification\",\"valueRequired\":true,\"valueName\":\"search_term_string\"}}],\"inLanguage\":\"es\"},{\"@type\":\"Organization\",\"@id\":\"https:\/\/miguelangeljoyeros.es\/#organization\",\"name\":\"Miguel \u00c1ngel Joyeros\",\"url\":\"https:\/\/miguelangeljoyeros.es\/\",\"logo\":{\"@type\":\"ImageObject\",\"inLanguage\":\"es\",\"@id\":\"https:\/\/miguelangeljoyeros.es\/#\/schema\/logo\/image\/\",\"url\":\"https:\/\/miguelangeljoyeros.es\/wp-content\/uploads\/2023\/08\/logo3.png\",\"contentUrl\":\"https:\/\/miguelangeljoyeros.es\/wp-content\/uploads\/2023\/08\/logo3.png\",\"width\":467,\"height\":187,\"caption\":\"Miguel \u00c1ngel Joyeros\"},\"image\":{\"@id\":\"https:\/\/miguelangeljoyeros.es\/#\/schema\/logo\/image\/\"},\"sameAs\":[\"https:\/\/www.facebook.com\/joyeria.miguelangel.31\/\"]}]}<\/script>\n<!-- \/ Yoast SEO plugin. -->","yoast_head_json":{"title":"STATUS ELITE SWISS - Miguel Angel Joyeros","robots":{"index":"index","follow":"follow","max-snippet":"max-snippet:-1","max-image-preview":"max-image-preview:large","max-video-preview":"max-video-preview:-1"},"canonical":"https:\/\/miguelangeljoyeros.es\/index.php\/producto\/status-elite-swiss\/","og_locale":"es_ES","og_type":"article","og_title":"STATUS ELITE SWISS - Miguel Angel Joyeros","og_description":"&nbsp; La colecci\u00f3n STATUS ELITE representa la excelencia de la relojer\u00eda contempor\u00e1nea. Su bisel de cer\u00e1mica, un material tradicionalmente reservado a la alta relojer\u00eda suiza, reafirma nuestra posici\u00f3n a la vanguardia del dise\u00f1o. Una caracter\u00edstica destacada de esta l\u00ednea es la inclusi\u00f3n de Swiss Super-LumiNova\u00ae en el bisel de cer\u00e1mica , que proporciona un brillo cautivador tanto de d\u00eda como de noche, garantizando una visibilidad impecable en cualquier entorno. Equipado con un preciso movimiento japon\u00e9s , el STATUS ELITE garantiza una fiabilidad y precisi\u00f3n excepcionales, manteniendo cada segundo en perfecta sincron\u00eda. Adem\u00e1s, su cristal de zafiro , conocido por su","og_url":"https:\/\/miguelangeljoyeros.es\/index.php\/producto\/status-elite-swiss\/","og_site_name":"Miguel Angel Joyeros","article_publisher":"https:\/\/www.facebook.com\/joyeria.miguelangel.31\/","article_modified_time":"2025-02-17T12:21:26+00:00","og_image":[{"width":800,"height":800,"url":"https:\/\/miguelangeljoyeros.es\/wp-content\/uploads\/2025\/02\/TF5055M-09_1.webp","type":"image\/webp"}],"twitter_card":"summary_large_image","twitter_misc":{"Tiempo de lectura":"1 minuto"},"schema":{"@context":"https:\/\/schema.org","@graph":[{"@type":"WebPage","@id":"https:\/\/miguelangeljoyeros.es\/index.php\/producto\/status-elite-swiss\/","url":"https:\/\/miguelangeljoyeros.es\/index.php\/producto\/status-elite-swiss\/","name":"STATUS ELITE SWISS - Miguel Angel Joyeros","isPartOf":{"@id":"https:\/\/miguelangeljoyeros.es\/#website"},"primaryImageOfPage":{"@id":"https:\/\/miguelangeljoyeros.es\/index.php\/producto\/status-elite-swiss\/#primaryimage"},"image":{"@id":"https:\/\/miguelangeljoyeros.es\/index.php\/producto\/status-elite-swiss\/#primaryimage"},"thumbnailUrl":"https:\/\/miguelangeljoyeros.es\/wp-content\/uploads\/2025\/02\/TF5055M-09_1.webp","datePublished":"2025-02-17T12:21:25+00:00","dateModified":"2025-02-17T12:21:26+00:00","breadcrumb":{"@id":"https:\/\/miguelangeljoyeros.es\/index.php\/producto\/status-elite-swiss\/#breadcrumb"},"inLanguage":"es","potentialAction":[{"@type":"ReadAction","target":["https:\/\/miguelangeljoyeros.es\/index.php\/producto\/status-elite-swiss\/"]}]},{"@type":"ImageObject","inLanguage":"es","@id":"https:\/\/miguelangeljoyeros.es\/index.php\/producto\/status-elite-swiss\/#primaryimage","url":"https:\/\/miguelangeljoyeros.es\/wp-content\/uploads\/2025\/02\/TF5055M-09_1.webp","contentUrl":"https:\/\/miguelangeljoyeros.es\/wp-content\/uploads\/2025\/02\/TF5055M-09_1.webp","width":800,"height":800},{"@type":"BreadcrumbList","@id":"https:\/\/miguelangeljoyeros.es\/index.php\/producto\/status-elite-swiss\/#breadcrumb","itemListElement":[{"@type":"ListItem","position":1,"name":"Portada","item":"https:\/\/miguelangeljoyeros.es\/"},{"@type":"ListItem","position":2,"name":"Tienda","item":"https:\/\/miguelangeljoyeros.es\/index.php\/tienda\/"},{"@type":"ListItem","position":3,"name":"STATUS ELITE SWISS"}]},{"@type":"WebSite","@id":"https:\/\/miguelangeljoyeros.es\/#website","url":"https:\/\/miguelangeljoyeros.es\/","name":"Miguel \u00c1ngel Joyeros","description":"Venta y reparaci\u00f3n de joyer\u00eda y relojer\u00eda de alta calidad","publisher":{"@id":"https:\/\/miguelangeljoyeros.es\/#organization"},"alternateName":"Miguel \u00c1ngel Joyeros","potentialAction":[{"@type":"SearchAction","target":{"@type":"EntryPoint","urlTemplate":"https:\/\/miguelangeljoyeros.es\/?s={search_term_string}"},"query-input":{"@type":"PropertyValueSpecification","valueRequired":true,"valueName":"search_term_string"}}],"inLanguage":"es"},{"@type":"Organization","@id":"https:\/\/miguelangeljoyeros.es\/#organization","name":"Miguel \u00c1ngel Joyeros","url":"https:\/\/miguelangeljoyeros.es\/","logo":{"@type":"ImageObject","inLanguage":"es","@id":"https:\/\/miguelangeljoyeros.es\/#\/schema\/logo\/image\/","url":"https:\/\/miguelangeljoyeros.es\/wp-content\/uploads\/2023\/08\/logo3.png","contentUrl":"https:\/\/miguelangeljoyeros.es\/wp-content\/uploads\/2023\/08\/logo3.png","width":467,"height":187,"caption":"Miguel \u00c1ngel Joyeros"},"image":{"@id":"https:\/\/miguelangeljoyeros.es\/#\/schema\/logo\/image\/"},"sameAs":["https:\/\/www.facebook.com\/joyeria.miguelangel.31\/"]}]}},"_links":{"self":[{"href":"https:\/\/miguelangeljoyeros.es\/index.php\/wp-json\/wp\/v2\/product\/667"}],"collection":[{"href":"https:\/\/miguelangeljoyeros.es\/index.php\/wp-json\/wp\/v2\/product"}],"about":[{"href":"https:\/\/miguelangeljoyeros.es\/index.php\/wp-json\/wp\/v2\/types\/product"}],"wp:featuredmedia":[{"embeddable":true,"href":"https:\/\/miguelangeljoyeros.es\/index.php\/wp-json\/wp\/v2\/media\/668"}],"wp:attachment":[{"href":"https:\/\/miguelangeljoyeros.es\/index.php\/wp-json\/wp\/v2\/media?parent=667"}],"wp:term":[{"taxonomy":"product_cat","embeddable":true,"href":"https:\/\/miguelangeljoyeros.es\/index.php\/wp-json\/wp\/v2\/product_cat?post=667"},{"taxonomy":"product_tag","embeddable":true,"href":"https:\/\/miguelangeljoyeros.es\/index.php\/wp-json\/wp\/v2\/product_tag?post=667"}],"curies":[{"name":"wp","href":"https:\/\/api.w.org\/{rel}","templated":true}]}}