{"id":862,"date":"2025-05-12T10:03:35","date_gmt":"2025-05-12T10:03:35","guid":{"rendered":"https:\/\/miguelangeljoyeros.es\/?post_type=product&#038;p=862"},"modified":"2025-05-12T10:03:36","modified_gmt":"2025-05-12T10:03:36","slug":"pendientes-flor","status":"publish","type":"product","link":"https:\/\/miguelangeljoyeros.es\/index.php\/producto\/pendientes-flor\/","title":{"rendered":"Pendientes flor"},"content":{"rendered":"<p>Pendientes con ba\u00f1o de oro de 24 K que rinden homenaje a la belleza ef\u00edmera de la peon\u00eda silvestre de Mallorca. Tallo con movimiento. Dise\u00f1o texturado. Cierre con presi\u00f3n.<\/p>\n","protected":false},"excerpt":{"rendered":"<p>Pendientes con ba\u00f1o de oro de 24 K que rinden homenaje a la belleza ef\u00edmera de la peon\u00eda silvestre de Mallorca. Tallo con movimiento. Dise\u00f1o texturado. Cierre con presi\u00f3n.<\/p>\n","protected":false},"featured_media":863,"template":"","meta":[],"product_cat":[82,96],"product_tag":[],"class_list":{"0":"post-862","1":"product","2":"type-product","3":"status-publish","4":"has-post-thumbnail","6":"product_cat-joidart","7":"product_cat-pendientes-joidart","9":"first","10":"instock","11":"shipping-taxable","12":"product-type-simple"},"yoast_head":"<!-- This site is optimized with the Yoast SEO plugin v23.7 - https:\/\/yoast.com\/wordpress\/plugins\/seo\/ -->\n<title>Pendientes flor - Miguel Angel Joyeros<\/title>\n<meta name=\"robots\" content=\"index, follow, max-snippet:-1, max-image-preview:large, max-video-preview:-1\" \/>\n<link rel=\"canonical\" href=\"https:\/\/miguelangeljoyeros.es\/index.php\/producto\/pendientes-flor\/\" \/>\n<meta property=\"og:locale\" content=\"es_ES\" \/>\n<meta property=\"og:type\" content=\"article\" \/>\n<meta property=\"og:title\" content=\"Pendientes flor - Miguel Angel Joyeros\" \/>\n<meta property=\"og:description\" content=\"Pendientes con ba\u00f1o de oro de 24 K que rinden homenaje a la belleza ef\u00edmera de la peon\u00eda silvestre de Mallorca. Tallo con movimiento. Dise\u00f1o texturado. Cierre con presi\u00f3n.\" \/>\n<meta property=\"og:url\" content=\"https:\/\/miguelangeljoyeros.es\/index.php\/producto\/pendientes-flor\/\" \/>\n<meta property=\"og:site_name\" content=\"Miguel Angel Joyeros\" \/>\n<meta property=\"article:publisher\" content=\"https:\/\/www.facebook.com\/joyeria.miguelangel.31\/\" \/>\n<meta property=\"article:modified_time\" content=\"2025-05-12T10:03:36+00:00\" \/>\n<meta property=\"og:image\" content=\"https:\/\/miguelangeljoyeros.es\/wp-content\/uploads\/2025\/05\/J3426AR033200-S_l.jpg\" \/>\n\t<meta property=\"og:image:width\" content=\"1500\" \/>\n\t<meta property=\"og:image:height\" content=\"1500\" \/>\n\t<meta property=\"og:image:type\" content=\"image\/jpeg\" \/>\n<meta name=\"twitter:card\" content=\"summary_large_image\" \/>\n<meta name=\"twitter:label1\" content=\"Tiempo de lectura\" \/>\n\t<meta name=\"twitter:data1\" content=\"1 minuto\" \/>\n<script type=\"application\/ld+json\" class=\"yoast-schema-graph\">{\"@context\":\"https:\/\/schema.org\",\"@graph\":[{\"@type\":\"WebPage\",\"@id\":\"https:\/\/miguelangeljoyeros.es\/index.php\/producto\/pendientes-flor\/\",\"url\":\"https:\/\/miguelangeljoyeros.es\/index.php\/producto\/pendientes-flor\/\",\"name\":\"Pendientes flor - Miguel Angel Joyeros\",\"isPartOf\":{\"@id\":\"https:\/\/miguelangeljoyeros.es\/#website\"},\"primaryImageOfPage\":{\"@id\":\"https:\/\/miguelangeljoyeros.es\/index.php\/producto\/pendientes-flor\/#primaryimage\"},\"image\":{\"@id\":\"https:\/\/miguelangeljoyeros.es\/index.php\/producto\/pendientes-flor\/#primaryimage\"},\"thumbnailUrl\":\"https:\/\/miguelangeljoyeros.es\/wp-content\/uploads\/2025\/05\/J3426AR033200-S_l.jpg\",\"datePublished\":\"2025-05-12T10:03:35+00:00\",\"dateModified\":\"2025-05-12T10:03:36+00:00\",\"breadcrumb\":{\"@id\":\"https:\/\/miguelangeljoyeros.es\/index.php\/producto\/pendientes-flor\/#breadcrumb\"},\"inLanguage\":\"es\",\"potentialAction\":[{\"@type\":\"ReadAction\",\"target\":[\"https:\/\/miguelangeljoyeros.es\/index.php\/producto\/pendientes-flor\/\"]}]},{\"@type\":\"ImageObject\",\"inLanguage\":\"es\",\"@id\":\"https:\/\/miguelangeljoyeros.es\/index.php\/producto\/pendientes-flor\/#primaryimage\",\"url\":\"https:\/\/miguelangeljoyeros.es\/wp-content\/uploads\/2025\/05\/J3426AR033200-S_l.jpg\",\"contentUrl\":\"https:\/\/miguelangeljoyeros.es\/wp-content\/uploads\/2025\/05\/J3426AR033200-S_l.jpg\",\"width\":1500,\"height\":1500},{\"@type\":\"BreadcrumbList\",\"@id\":\"https:\/\/miguelangeljoyeros.es\/index.php\/producto\/pendientes-flor\/#breadcrumb\",\"itemListElement\":[{\"@type\":\"ListItem\",\"position\":1,\"name\":\"Portada\",\"item\":\"https:\/\/miguelangeljoyeros.es\/\"},{\"@type\":\"ListItem\",\"position\":2,\"name\":\"Tienda\",\"item\":\"https:\/\/miguelangeljoyeros.es\/index.php\/tienda\/\"},{\"@type\":\"ListItem\",\"position\":3,\"name\":\"Pendientes flor\"}]},{\"@type\":\"WebSite\",\"@id\":\"https:\/\/miguelangeljoyeros.es\/#website\",\"url\":\"https:\/\/miguelangeljoyeros.es\/\",\"name\":\"Miguel \u00c1ngel Joyeros\",\"description\":\"Venta y reparaci\u00f3n de joyer\u00eda y relojer\u00eda de alta calidad\",\"publisher\":{\"@id\":\"https:\/\/miguelangeljoyeros.es\/#organization\"},\"alternateName\":\"Miguel \u00c1ngel Joyeros\",\"potentialAction\":[{\"@type\":\"SearchAction\",\"target\":{\"@type\":\"EntryPoint\",\"urlTemplate\":\"https:\/\/miguelangeljoyeros.es\/?s={search_term_string}\"},\"query-input\":{\"@type\":\"PropertyValueSpecification\",\"valueRequired\":true,\"valueName\":\"search_term_string\"}}],\"inLanguage\":\"es\"},{\"@type\":\"Organization\",\"@id\":\"https:\/\/miguelangeljoyeros.es\/#organization\",\"name\":\"Miguel \u00c1ngel Joyeros\",\"url\":\"https:\/\/miguelangeljoyeros.es\/\",\"logo\":{\"@type\":\"ImageObject\",\"inLanguage\":\"es\",\"@id\":\"https:\/\/miguelangeljoyeros.es\/#\/schema\/logo\/image\/\",\"url\":\"https:\/\/miguelangeljoyeros.es\/wp-content\/uploads\/2023\/08\/logo3.png\",\"contentUrl\":\"https:\/\/miguelangeljoyeros.es\/wp-content\/uploads\/2023\/08\/logo3.png\",\"width\":467,\"height\":187,\"caption\":\"Miguel \u00c1ngel Joyeros\"},\"image\":{\"@id\":\"https:\/\/miguelangeljoyeros.es\/#\/schema\/logo\/image\/\"},\"sameAs\":[\"https:\/\/www.facebook.com\/joyeria.miguelangel.31\/\"]}]}<\/script>\n<!-- \/ Yoast SEO plugin. -->","yoast_head_json":{"title":"Pendientes flor - Miguel Angel Joyeros","robots":{"index":"index","follow":"follow","max-snippet":"max-snippet:-1","max-image-preview":"max-image-preview:large","max-video-preview":"max-video-preview:-1"},"canonical":"https:\/\/miguelangeljoyeros.es\/index.php\/producto\/pendientes-flor\/","og_locale":"es_ES","og_type":"article","og_title":"Pendientes flor - Miguel Angel Joyeros","og_description":"Pendientes con ba\u00f1o de oro de 24 K que rinden homenaje a la belleza ef\u00edmera de la peon\u00eda silvestre de Mallorca. Tallo con movimiento. Dise\u00f1o texturado. Cierre con presi\u00f3n.","og_url":"https:\/\/miguelangeljoyeros.es\/index.php\/producto\/pendientes-flor\/","og_site_name":"Miguel Angel Joyeros","article_publisher":"https:\/\/www.facebook.com\/joyeria.miguelangel.31\/","article_modified_time":"2025-05-12T10:03:36+00:00","og_image":[{"width":1500,"height":1500,"url":"https:\/\/miguelangeljoyeros.es\/wp-content\/uploads\/2025\/05\/J3426AR033200-S_l.jpg","type":"image\/jpeg"}],"twitter_card":"summary_large_image","twitter_misc":{"Tiempo de lectura":"1 minuto"},"schema":{"@context":"https:\/\/schema.org","@graph":[{"@type":"WebPage","@id":"https:\/\/miguelangeljoyeros.es\/index.php\/producto\/pendientes-flor\/","url":"https:\/\/miguelangeljoyeros.es\/index.php\/producto\/pendientes-flor\/","name":"Pendientes flor - Miguel Angel Joyeros","isPartOf":{"@id":"https:\/\/miguelangeljoyeros.es\/#website"},"primaryImageOfPage":{"@id":"https:\/\/miguelangeljoyeros.es\/index.php\/producto\/pendientes-flor\/#primaryimage"},"image":{"@id":"https:\/\/miguelangeljoyeros.es\/index.php\/producto\/pendientes-flor\/#primaryimage"},"thumbnailUrl":"https:\/\/miguelangeljoyeros.es\/wp-content\/uploads\/2025\/05\/J3426AR033200-S_l.jpg","datePublished":"2025-05-12T10:03:35+00:00","dateModified":"2025-05-12T10:03:36+00:00","breadcrumb":{"@id":"https:\/\/miguelangeljoyeros.es\/index.php\/producto\/pendientes-flor\/#breadcrumb"},"inLanguage":"es","potentialAction":[{"@type":"ReadAction","target":["https:\/\/miguelangeljoyeros.es\/index.php\/producto\/pendientes-flor\/"]}]},{"@type":"ImageObject","inLanguage":"es","@id":"https:\/\/miguelangeljoyeros.es\/index.php\/producto\/pendientes-flor\/#primaryimage","url":"https:\/\/miguelangeljoyeros.es\/wp-content\/uploads\/2025\/05\/J3426AR033200-S_l.jpg","contentUrl":"https:\/\/miguelangeljoyeros.es\/wp-content\/uploads\/2025\/05\/J3426AR033200-S_l.jpg","width":1500,"height":1500},{"@type":"BreadcrumbList","@id":"https:\/\/miguelangeljoyeros.es\/index.php\/producto\/pendientes-flor\/#breadcrumb","itemListElement":[{"@type":"ListItem","position":1,"name":"Portada","item":"https:\/\/miguelangeljoyeros.es\/"},{"@type":"ListItem","position":2,"name":"Tienda","item":"https:\/\/miguelangeljoyeros.es\/index.php\/tienda\/"},{"@type":"ListItem","position":3,"name":"Pendientes flor"}]},{"@type":"WebSite","@id":"https:\/\/miguelangeljoyeros.es\/#website","url":"https:\/\/miguelangeljoyeros.es\/","name":"Miguel \u00c1ngel Joyeros","description":"Venta y reparaci\u00f3n de joyer\u00eda y relojer\u00eda de alta calidad","publisher":{"@id":"https:\/\/miguelangeljoyeros.es\/#organization"},"alternateName":"Miguel \u00c1ngel Joyeros","potentialAction":[{"@type":"SearchAction","target":{"@type":"EntryPoint","urlTemplate":"https:\/\/miguelangeljoyeros.es\/?s={search_term_string}"},"query-input":{"@type":"PropertyValueSpecification","valueRequired":true,"valueName":"search_term_string"}}],"inLanguage":"es"},{"@type":"Organization","@id":"https:\/\/miguelangeljoyeros.es\/#organization","name":"Miguel \u00c1ngel Joyeros","url":"https:\/\/miguelangeljoyeros.es\/","logo":{"@type":"ImageObject","inLanguage":"es","@id":"https:\/\/miguelangeljoyeros.es\/#\/schema\/logo\/image\/","url":"https:\/\/miguelangeljoyeros.es\/wp-content\/uploads\/2023\/08\/logo3.png","contentUrl":"https:\/\/miguelangeljoyeros.es\/wp-content\/uploads\/2023\/08\/logo3.png","width":467,"height":187,"caption":"Miguel \u00c1ngel Joyeros"},"image":{"@id":"https:\/\/miguelangeljoyeros.es\/#\/schema\/logo\/image\/"},"sameAs":["https:\/\/www.facebook.com\/joyeria.miguelangel.31\/"]}]}},"_links":{"self":[{"href":"https:\/\/miguelangeljoyeros.es\/index.php\/wp-json\/wp\/v2\/product\/862"}],"collection":[{"href":"https:\/\/miguelangeljoyeros.es\/index.php\/wp-json\/wp\/v2\/product"}],"about":[{"href":"https:\/\/miguelangeljoyeros.es\/index.php\/wp-json\/wp\/v2\/types\/product"}],"wp:featuredmedia":[{"embeddable":true,"href":"https:\/\/miguelangeljoyeros.es\/index.php\/wp-json\/wp\/v2\/media\/863"}],"wp:attachment":[{"href":"https:\/\/miguelangeljoyeros.es\/index.php\/wp-json\/wp\/v2\/media?parent=862"}],"wp:term":[{"taxonomy":"product_cat","embeddable":true,"href":"https:\/\/miguelangeljoyeros.es\/index.php\/wp-json\/wp\/v2\/product_cat?post=862"},{"taxonomy":"product_tag","embeddable":true,"href":"https:\/\/miguelangeljoyeros.es\/index.php\/wp-json\/wp\/v2\/product_tag?post=862"}],"curies":[{"name":"wp","href":"https:\/\/api.w.org\/{rel}","templated":true}]}}